{"id":93,"date":"2024-03-04T10:20:40","date_gmt":"2024-03-04T09:20:40","guid":{"rendered":"https:\/\/boutique.annesophiegindroz.com\/?post_type=product&#038;p=93"},"modified":"2025-09-15T21:01:39","modified_gmt":"2025-09-15T19:01:39","slug":"le-secret-de-nina","status":"publish","type":"product","link":"https:\/\/boutique.annesophiegindroz.com\/index.php\/produit\/le-secret-de-nina\/","title":{"rendered":"Le Secret de Nina"},"content":{"rendered":"<p>Livre broch\u00e9 40 pages, illustrations couleurs, couverture souple<\/p>\n","protected":false},"excerpt":{"rendered":"<p>Nina doit faire face \u00e0 la m\u00e9chancet\u00e9, \u00e0 la jalousie et au racisme. Mais elle se prot\u00e8ge des mots qui blessent ou qui attaquent ses origines. \u00ab Comment tu fais ? \u00bb lui demande son amie Zazie. Nina partage son secret.<\/p>\n<p>L\u2019histoire sera \u00e9galement disponible en version transcrite pour une lecture facilit\u00e9e \u00e0 l\u2019intention des enfants DYS.<\/p>\n","protected":false},"featured_media":139,"comment_status":"open","ping_status":"closed","template":"","meta":[],"product_brand":[],"product_cat":[26],"product_tag":[],"class_list":{"0":"post-93","1":"product","2":"type-product","3":"status-publish","4":"has-post-thumbnail","6":"product_cat-histoire-pour-enfants-2","8":"first","9":"instock","10":"shipping-taxable","11":"purchasable","12":"product-type-simple"},"yoast_head":"<!-- This site is optimized with the Yoast SEO plugin v27.5 - https:\/\/yoast.com\/product\/yoast-seo-wordpress\/ -->\n<title>Le Secret de Nina -<\/title>\n<meta name=\"description\" content=\"Comment r\u00e9agir \u00e0 la m\u00e9chancet\u00e9 ou au racisme ? C\u2019est le secret de Nina. Pour se prot\u00e9ger des mots qui blessent et maintenir le calme dans son c\u0153ur !\" \/>\n<meta name=\"robots\" content=\"index, follow, max-snippet:-1, max-image-preview:large, max-video-preview:-1\" \/>\n<link rel=\"canonical\" href=\"https:\/\/boutique.annesophiegindroz.com\/index.php\/produit\/le-secret-de-nina\/\" \/>\n<meta property=\"og:locale\" content=\"fr_FR\" \/>\n<meta property=\"og:type\" content=\"article\" \/>\n<meta property=\"og:title\" content=\"Le Secret de Nina -\" \/>\n<meta property=\"og:description\" content=\"Comment r\u00e9agir \u00e0 la m\u00e9chancet\u00e9 ou au racisme ? C\u2019est le secret de Nina. Pour se prot\u00e9ger des mots qui blessent et maintenir le calme dans son c\u0153ur !\" \/>\n<meta property=\"og:url\" content=\"https:\/\/boutique.annesophiegindroz.com\/index.php\/produit\/le-secret-de-nina\/\" \/>\n<meta property=\"article:modified_time\" content=\"2025-09-15T19:01:39+00:00\" \/>\n<meta property=\"og:image\" content=\"https:\/\/boutique.annesophiegindroz.com\/wp-content\/uploads\/2024\/03\/Couverture-le-secret-de-nina-full-e1709973910738.png\" \/>\n\t<meta property=\"og:image:width\" content=\"300\" \/>\n\t<meta property=\"og:image:height\" content=\"297\" \/>\n\t<meta property=\"og:image:type\" content=\"image\/png\" \/>\n<meta name=\"twitter:card\" content=\"summary_large_image\" \/>\n<meta name=\"twitter:label1\" content=\"Dur\u00e9e de lecture estim\u00e9e\" \/>\n\t<meta name=\"twitter:data1\" content=\"1 minute\" \/>\n<script type=\"application\/ld+json\" class=\"yoast-schema-graph\">{\"@context\":\"https:\\\/\\\/schema.org\",\"@graph\":[{\"@type\":\"WebPage\",\"@id\":\"https:\\\/\\\/boutique.annesophiegindroz.com\\\/index.php\\\/produit\\\/le-secret-de-nina\\\/\",\"url\":\"https:\\\/\\\/boutique.annesophiegindroz.com\\\/index.php\\\/produit\\\/le-secret-de-nina\\\/\",\"name\":\"Le Secret de Nina -\",\"isPartOf\":{\"@id\":\"https:\\\/\\\/boutique.annesophiegindroz.com\\\/#website\"},\"primaryImageOfPage\":{\"@id\":\"https:\\\/\\\/boutique.annesophiegindroz.com\\\/index.php\\\/produit\\\/le-secret-de-nina\\\/#primaryimage\"},\"image\":{\"@id\":\"https:\\\/\\\/boutique.annesophiegindroz.com\\\/index.php\\\/produit\\\/le-secret-de-nina\\\/#primaryimage\"},\"thumbnailUrl\":\"https:\\\/\\\/boutique.annesophiegindroz.com\\\/wp-content\\\/uploads\\\/2024\\\/03\\\/Couverture-le-secret-de-nina-full-e1709973910738.png\",\"datePublished\":\"2024-03-04T09:20:40+00:00\",\"dateModified\":\"2025-09-15T19:01:39+00:00\",\"description\":\"Comment r\u00e9agir \u00e0 la m\u00e9chancet\u00e9 ou au racisme ? C\u2019est le secret de Nina. Pour se prot\u00e9ger des mots qui blessent et maintenir le calme dans son c\u0153ur !\",\"breadcrumb\":{\"@id\":\"https:\\\/\\\/boutique.annesophiegindroz.com\\\/index.php\\\/produit\\\/le-secret-de-nina\\\/#breadcrumb\"},\"inLanguage\":\"fr-FR\",\"potentialAction\":[{\"@type\":\"ReadAction\",\"target\":[\"https:\\\/\\\/boutique.annesophiegindroz.com\\\/index.php\\\/produit\\\/le-secret-de-nina\\\/\"]}]},{\"@type\":\"ImageObject\",\"inLanguage\":\"fr-FR\",\"@id\":\"https:\\\/\\\/boutique.annesophiegindroz.com\\\/index.php\\\/produit\\\/le-secret-de-nina\\\/#primaryimage\",\"url\":\"https:\\\/\\\/boutique.annesophiegindroz.com\\\/wp-content\\\/uploads\\\/2024\\\/03\\\/Couverture-le-secret-de-nina-full-e1709973910738.png\",\"contentUrl\":\"https:\\\/\\\/boutique.annesophiegindroz.com\\\/wp-content\\\/uploads\\\/2024\\\/03\\\/Couverture-le-secret-de-nina-full-e1709973910738.png\",\"width\":300,\"height\":297,\"caption\":\"Le Secret de Nina\"},{\"@type\":\"BreadcrumbList\",\"@id\":\"https:\\\/\\\/boutique.annesophiegindroz.com\\\/index.php\\\/produit\\\/le-secret-de-nina\\\/#breadcrumb\",\"itemListElement\":[{\"@type\":\"ListItem\",\"position\":1,\"name\":\"Accueil\",\"item\":\"https:\\\/\\\/boutique.annesophiegindroz.com\\\/\"},{\"@type\":\"ListItem\",\"position\":2,\"name\":\"Boutique France\",\"item\":\"https:\\\/\\\/boutique.annesophiegindroz.com\\\/\"},{\"@type\":\"ListItem\",\"position\":3,\"name\":\"Le Secret de Nina\"}]},{\"@type\":\"WebSite\",\"@id\":\"https:\\\/\\\/boutique.annesophiegindroz.com\\\/#website\",\"url\":\"https:\\\/\\\/boutique.annesophiegindroz.com\\\/\",\"name\":\"\",\"description\":\"\",\"publisher\":{\"@id\":\"https:\\\/\\\/boutique.annesophiegindroz.com\\\/#organization\"},\"potentialAction\":[{\"@type\":\"SearchAction\",\"target\":{\"@type\":\"EntryPoint\",\"urlTemplate\":\"https:\\\/\\\/boutique.annesophiegindroz.com\\\/?s={search_term_string}\"},\"query-input\":{\"@type\":\"PropertyValueSpecification\",\"valueRequired\":true,\"valueName\":\"search_term_string\"}}],\"inLanguage\":\"fr-FR\"},{\"@type\":\"Organization\",\"@id\":\"https:\\\/\\\/boutique.annesophiegindroz.com\\\/#organization\",\"name\":\"La Boutique d'Anne Sophie Gindroz\",\"alternateName\":\"La Boutique\",\"url\":\"https:\\\/\\\/boutique.annesophiegindroz.com\\\/\",\"logo\":{\"@type\":\"ImageObject\",\"inLanguage\":\"fr-FR\",\"@id\":\"https:\\\/\\\/boutique.annesophiegindroz.com\\\/#\\\/schema\\\/logo\\\/image\\\/\",\"url\":\"https:\\\/\\\/boutique.annesophiegindroz.com\\\/wp-content\\\/uploads\\\/2024\\\/03\\\/Screen-Shot-2024-03-07-at-02.56.17.png\",\"contentUrl\":\"https:\\\/\\\/boutique.annesophiegindroz.com\\\/wp-content\\\/uploads\\\/2024\\\/03\\\/Screen-Shot-2024-03-07-at-02.56.17.png\",\"width\":241,\"height\":116,\"caption\":\"La Boutique d'Anne Sophie Gindroz\"},\"image\":{\"@id\":\"https:\\\/\\\/boutique.annesophiegindroz.com\\\/#\\\/schema\\\/logo\\\/image\\\/\"}}]}<\/script>\n<!-- \/ Yoast SEO plugin. -->","yoast_head_json":{"title":"Le Secret de Nina -","description":"Comment r\u00e9agir \u00e0 la m\u00e9chancet\u00e9 ou au racisme ? C\u2019est le secret de Nina. Pour se prot\u00e9ger des mots qui blessent et maintenir le calme dans son c\u0153ur !","robots":{"index":"index","follow":"follow","max-snippet":"max-snippet:-1","max-image-preview":"max-image-preview:large","max-video-preview":"max-video-preview:-1"},"canonical":"https:\/\/boutique.annesophiegindroz.com\/index.php\/produit\/le-secret-de-nina\/","og_locale":"fr_FR","og_type":"article","og_title":"Le Secret de Nina -","og_description":"Comment r\u00e9agir \u00e0 la m\u00e9chancet\u00e9 ou au racisme ? C\u2019est le secret de Nina. Pour se prot\u00e9ger des mots qui blessent et maintenir le calme dans son c\u0153ur !","og_url":"https:\/\/boutique.annesophiegindroz.com\/index.php\/produit\/le-secret-de-nina\/","article_modified_time":"2025-09-15T19:01:39+00:00","og_image":[{"width":300,"height":297,"url":"https:\/\/boutique.annesophiegindroz.com\/wp-content\/uploads\/2024\/03\/Couverture-le-secret-de-nina-full-e1709973910738.png","type":"image\/png"}],"twitter_card":"summary_large_image","twitter_misc":{"Dur\u00e9e de lecture estim\u00e9e":"1 minute"},"schema":{"@context":"https:\/\/schema.org","@graph":[{"@type":"WebPage","@id":"https:\/\/boutique.annesophiegindroz.com\/index.php\/produit\/le-secret-de-nina\/","url":"https:\/\/boutique.annesophiegindroz.com\/index.php\/produit\/le-secret-de-nina\/","name":"Le Secret de Nina -","isPartOf":{"@id":"https:\/\/boutique.annesophiegindroz.com\/#website"},"primaryImageOfPage":{"@id":"https:\/\/boutique.annesophiegindroz.com\/index.php\/produit\/le-secret-de-nina\/#primaryimage"},"image":{"@id":"https:\/\/boutique.annesophiegindroz.com\/index.php\/produit\/le-secret-de-nina\/#primaryimage"},"thumbnailUrl":"https:\/\/boutique.annesophiegindroz.com\/wp-content\/uploads\/2024\/03\/Couverture-le-secret-de-nina-full-e1709973910738.png","datePublished":"2024-03-04T09:20:40+00:00","dateModified":"2025-09-15T19:01:39+00:00","description":"Comment r\u00e9agir \u00e0 la m\u00e9chancet\u00e9 ou au racisme ? C\u2019est le secret de Nina. Pour se prot\u00e9ger des mots qui blessent et maintenir le calme dans son c\u0153ur !","breadcrumb":{"@id":"https:\/\/boutique.annesophiegindroz.com\/index.php\/produit\/le-secret-de-nina\/#breadcrumb"},"inLanguage":"fr-FR","potentialAction":[{"@type":"ReadAction","target":["https:\/\/boutique.annesophiegindroz.com\/index.php\/produit\/le-secret-de-nina\/"]}]},{"@type":"ImageObject","inLanguage":"fr-FR","@id":"https:\/\/boutique.annesophiegindroz.com\/index.php\/produit\/le-secret-de-nina\/#primaryimage","url":"https:\/\/boutique.annesophiegindroz.com\/wp-content\/uploads\/2024\/03\/Couverture-le-secret-de-nina-full-e1709973910738.png","contentUrl":"https:\/\/boutique.annesophiegindroz.com\/wp-content\/uploads\/2024\/03\/Couverture-le-secret-de-nina-full-e1709973910738.png","width":300,"height":297,"caption":"Le Secret de Nina"},{"@type":"BreadcrumbList","@id":"https:\/\/boutique.annesophiegindroz.com\/index.php\/produit\/le-secret-de-nina\/#breadcrumb","itemListElement":[{"@type":"ListItem","position":1,"name":"Accueil","item":"https:\/\/boutique.annesophiegindroz.com\/"},{"@type":"ListItem","position":2,"name":"Boutique France","item":"https:\/\/boutique.annesophiegindroz.com\/"},{"@type":"ListItem","position":3,"name":"Le Secret de Nina"}]},{"@type":"WebSite","@id":"https:\/\/boutique.annesophiegindroz.com\/#website","url":"https:\/\/boutique.annesophiegindroz.com\/","name":"","description":"","publisher":{"@id":"https:\/\/boutique.annesophiegindroz.com\/#organization"},"potentialAction":[{"@type":"SearchAction","target":{"@type":"EntryPoint","urlTemplate":"https:\/\/boutique.annesophiegindroz.com\/?s={search_term_string}"},"query-input":{"@type":"PropertyValueSpecification","valueRequired":true,"valueName":"search_term_string"}}],"inLanguage":"fr-FR"},{"@type":"Organization","@id":"https:\/\/boutique.annesophiegindroz.com\/#organization","name":"La Boutique d'Anne Sophie Gindroz","alternateName":"La Boutique","url":"https:\/\/boutique.annesophiegindroz.com\/","logo":{"@type":"ImageObject","inLanguage":"fr-FR","@id":"https:\/\/boutique.annesophiegindroz.com\/#\/schema\/logo\/image\/","url":"https:\/\/boutique.annesophiegindroz.com\/wp-content\/uploads\/2024\/03\/Screen-Shot-2024-03-07-at-02.56.17.png","contentUrl":"https:\/\/boutique.annesophiegindroz.com\/wp-content\/uploads\/2024\/03\/Screen-Shot-2024-03-07-at-02.56.17.png","width":241,"height":116,"caption":"La Boutique d'Anne Sophie Gindroz"},"image":{"@id":"https:\/\/boutique.annesophiegindroz.com\/#\/schema\/logo\/image\/"}}]}},"_links":{"self":[{"href":"https:\/\/boutique.annesophiegindroz.com\/index.php\/wp-json\/wp\/v2\/product\/93","targetHints":{"allow":["GET"]}}],"collection":[{"href":"https:\/\/boutique.annesophiegindroz.com\/index.php\/wp-json\/wp\/v2\/product"}],"about":[{"href":"https:\/\/boutique.annesophiegindroz.com\/index.php\/wp-json\/wp\/v2\/types\/product"}],"replies":[{"embeddable":true,"href":"https:\/\/boutique.annesophiegindroz.com\/index.php\/wp-json\/wp\/v2\/comments?post=93"}],"wp:featuredmedia":[{"embeddable":true,"href":"https:\/\/boutique.annesophiegindroz.com\/index.php\/wp-json\/wp\/v2\/media\/139"}],"wp:attachment":[{"href":"https:\/\/boutique.annesophiegindroz.com\/index.php\/wp-json\/wp\/v2\/media?parent=93"}],"wp:term":[{"taxonomy":"product_brand","embeddable":true,"href":"https:\/\/boutique.annesophiegindroz.com\/index.php\/wp-json\/wp\/v2\/product_brand?post=93"},{"taxonomy":"product_cat","embeddable":true,"href":"https:\/\/boutique.annesophiegindroz.com\/index.php\/wp-json\/wp\/v2\/product_cat?post=93"},{"taxonomy":"product_tag","embeddable":true,"href":"https:\/\/boutique.annesophiegindroz.com\/index.php\/wp-json\/wp\/v2\/product_tag?post=93"}],"curies":[{"name":"wp","href":"https:\/\/api.w.org\/{rel}","templated":true}]}}