{"id":339,"date":"2025-09-15T14:10:20","date_gmt":"2025-09-15T12:10:20","guid":{"rendered":"https:\/\/boutique.annesophiegindroz.com\/?post_type=product&#038;p=339"},"modified":"2025-09-23T06:16:52","modified_gmt":"2025-09-23T04:16:52","slug":"epicentre-lete-des-mille-seismes","status":"publish","type":"product","link":"https:\/\/boutique.annesophiegindroz.com\/index.php\/produit\/epicentre-lete-des-mille-seismes\/","title":{"rendered":"\u00c9picentre, l&#8217;\u00e9t\u00e9 des mille s\u00e9ismes"},"content":{"rendered":"<p>Livre broch\u00e9, couverture souple, format 21 cm x 14.8 cm, 83 pages<\/p>\n","protected":false},"excerpt":{"rendered":"<p>Ce r\u00e9cit raconte comment nous avons surv\u00e9cu aux tremblements de terre qui ont secou\u00e9 l\u2019\u00eele sur laquelle nous sommes install\u00e9s en Indon\u00e9sie. C\u2019\u00e9tait en 2018, pendant la p\u00e9riode des vacances. Ce fut l&#8217;\u00e9t\u00e9 des mille s\u00e9ismes \u00e0 Lombok.<\/p>\n","protected":false},"featured_media":376,"comment_status":"open","ping_status":"closed","template":"","meta":[],"product_brand":[],"product_cat":[27],"product_tag":[],"class_list":{"0":"post-339","1":"product","2":"type-product","3":"status-publish","4":"has-post-thumbnail","6":"product_cat-recit","8":"first","9":"instock","10":"shipping-taxable","11":"purchasable","12":"product-type-simple"},"yoast_head":"<!-- This site is optimized with the Yoast SEO plugin v27.5 - https:\/\/yoast.com\/product\/yoast-seo-wordpress\/ -->\n<title>\u00c9picentre, l&#039;\u00e9t\u00e9 des mille s\u00e9ismes -<\/title>\n<meta name=\"description\" content=\"Un r\u00e9cit qui raconte comment notre famille a surv\u00e9cu aux tremblements de terre d\u00e9vastateurs de l\u2019\u00e9t\u00e9 2018 sur Lombok, en Indon\u00e9sie.\" \/>\n<meta name=\"robots\" content=\"index, follow, max-snippet:-1, max-image-preview:large, max-video-preview:-1\" \/>\n<link rel=\"canonical\" href=\"https:\/\/boutique.annesophiegindroz.com\/index.php\/produit\/epicentre-lete-des-mille-seismes\/\" \/>\n<meta property=\"og:locale\" content=\"fr_FR\" \/>\n<meta property=\"og:type\" content=\"article\" \/>\n<meta property=\"og:title\" content=\"\u00c9picentre, l&#039;\u00e9t\u00e9 des mille s\u00e9ismes -\" \/>\n<meta property=\"og:description\" content=\"Un r\u00e9cit qui raconte comment notre famille a surv\u00e9cu aux tremblements de terre d\u00e9vastateurs de l\u2019\u00e9t\u00e9 2018 sur Lombok, en Indon\u00e9sie.\" \/>\n<meta property=\"og:url\" content=\"https:\/\/boutique.annesophiegindroz.com\/index.php\/produit\/epicentre-lete-des-mille-seismes\/\" \/>\n<meta property=\"article:modified_time\" content=\"2025-09-23T04:16:52+00:00\" \/>\n<meta property=\"og:image\" content=\"https:\/\/boutique.annesophiegindroz.com\/wp-content\/uploads\/2025\/09\/Epicentre-1.png\" \/>\n\t<meta property=\"og:image:width\" content=\"300\" \/>\n\t<meta property=\"og:image:height\" content=\"300\" \/>\n\t<meta property=\"og:image:type\" content=\"image\/png\" \/>\n<meta name=\"twitter:card\" content=\"summary_large_image\" \/>\n<meta name=\"twitter:label1\" content=\"Dur\u00e9e de lecture estim\u00e9e\" \/>\n\t<meta name=\"twitter:data1\" content=\"1 minute\" \/>\n<script type=\"application\/ld+json\" class=\"yoast-schema-graph\">{\"@context\":\"https:\\\/\\\/schema.org\",\"@graph\":[{\"@type\":\"WebPage\",\"@id\":\"https:\\\/\\\/boutique.annesophiegindroz.com\\\/index.php\\\/produit\\\/epicentre-lete-des-mille-seismes\\\/\",\"url\":\"https:\\\/\\\/boutique.annesophiegindroz.com\\\/index.php\\\/produit\\\/epicentre-lete-des-mille-seismes\\\/\",\"name\":\"\u00c9picentre, l'\u00e9t\u00e9 des mille s\u00e9ismes -\",\"isPartOf\":{\"@id\":\"https:\\\/\\\/boutique.annesophiegindroz.com\\\/#website\"},\"primaryImageOfPage\":{\"@id\":\"https:\\\/\\\/boutique.annesophiegindroz.com\\\/index.php\\\/produit\\\/epicentre-lete-des-mille-seismes\\\/#primaryimage\"},\"image\":{\"@id\":\"https:\\\/\\\/boutique.annesophiegindroz.com\\\/index.php\\\/produit\\\/epicentre-lete-des-mille-seismes\\\/#primaryimage\"},\"thumbnailUrl\":\"https:\\\/\\\/boutique.annesophiegindroz.com\\\/wp-content\\\/uploads\\\/2025\\\/09\\\/Epicentre-1.png\",\"datePublished\":\"2025-09-15T12:10:20+00:00\",\"dateModified\":\"2025-09-23T04:16:52+00:00\",\"description\":\"Un r\u00e9cit qui raconte comment notre famille a surv\u00e9cu aux tremblements de terre d\u00e9vastateurs de l\u2019\u00e9t\u00e9 2018 sur Lombok, en Indon\u00e9sie.\",\"breadcrumb\":{\"@id\":\"https:\\\/\\\/boutique.annesophiegindroz.com\\\/index.php\\\/produit\\\/epicentre-lete-des-mille-seismes\\\/#breadcrumb\"},\"inLanguage\":\"fr-FR\",\"potentialAction\":[{\"@type\":\"ReadAction\",\"target\":[\"https:\\\/\\\/boutique.annesophiegindroz.com\\\/index.php\\\/produit\\\/epicentre-lete-des-mille-seismes\\\/\"]}]},{\"@type\":\"ImageObject\",\"inLanguage\":\"fr-FR\",\"@id\":\"https:\\\/\\\/boutique.annesophiegindroz.com\\\/index.php\\\/produit\\\/epicentre-lete-des-mille-seismes\\\/#primaryimage\",\"url\":\"https:\\\/\\\/boutique.annesophiegindroz.com\\\/wp-content\\\/uploads\\\/2025\\\/09\\\/Epicentre-1.png\",\"contentUrl\":\"https:\\\/\\\/boutique.annesophiegindroz.com\\\/wp-content\\\/uploads\\\/2025\\\/09\\\/Epicentre-1.png\",\"width\":300,\"height\":300,\"caption\":\"Couverture Epicentre\"},{\"@type\":\"BreadcrumbList\",\"@id\":\"https:\\\/\\\/boutique.annesophiegindroz.com\\\/index.php\\\/produit\\\/epicentre-lete-des-mille-seismes\\\/#breadcrumb\",\"itemListElement\":[{\"@type\":\"ListItem\",\"position\":1,\"name\":\"Accueil\",\"item\":\"https:\\\/\\\/boutique.annesophiegindroz.com\\\/\"},{\"@type\":\"ListItem\",\"position\":2,\"name\":\"Boutique France\",\"item\":\"https:\\\/\\\/boutique.annesophiegindroz.com\\\/\"},{\"@type\":\"ListItem\",\"position\":3,\"name\":\"\u00c9picentre, l&#8217;\u00e9t\u00e9 des mille s\u00e9ismes\"}]},{\"@type\":\"WebSite\",\"@id\":\"https:\\\/\\\/boutique.annesophiegindroz.com\\\/#website\",\"url\":\"https:\\\/\\\/boutique.annesophiegindroz.com\\\/\",\"name\":\"\",\"description\":\"\",\"publisher\":{\"@id\":\"https:\\\/\\\/boutique.annesophiegindroz.com\\\/#organization\"},\"potentialAction\":[{\"@type\":\"SearchAction\",\"target\":{\"@type\":\"EntryPoint\",\"urlTemplate\":\"https:\\\/\\\/boutique.annesophiegindroz.com\\\/?s={search_term_string}\"},\"query-input\":{\"@type\":\"PropertyValueSpecification\",\"valueRequired\":true,\"valueName\":\"search_term_string\"}}],\"inLanguage\":\"fr-FR\"},{\"@type\":\"Organization\",\"@id\":\"https:\\\/\\\/boutique.annesophiegindroz.com\\\/#organization\",\"name\":\"La Boutique d'Anne Sophie Gindroz\",\"alternateName\":\"La Boutique\",\"url\":\"https:\\\/\\\/boutique.annesophiegindroz.com\\\/\",\"logo\":{\"@type\":\"ImageObject\",\"inLanguage\":\"fr-FR\",\"@id\":\"https:\\\/\\\/boutique.annesophiegindroz.com\\\/#\\\/schema\\\/logo\\\/image\\\/\",\"url\":\"https:\\\/\\\/boutique.annesophiegindroz.com\\\/wp-content\\\/uploads\\\/2024\\\/03\\\/Screen-Shot-2024-03-07-at-02.56.17.png\",\"contentUrl\":\"https:\\\/\\\/boutique.annesophiegindroz.com\\\/wp-content\\\/uploads\\\/2024\\\/03\\\/Screen-Shot-2024-03-07-at-02.56.17.png\",\"width\":241,\"height\":116,\"caption\":\"La Boutique d'Anne Sophie Gindroz\"},\"image\":{\"@id\":\"https:\\\/\\\/boutique.annesophiegindroz.com\\\/#\\\/schema\\\/logo\\\/image\\\/\"}}]}<\/script>\n<!-- \/ Yoast SEO plugin. -->","yoast_head_json":{"title":"\u00c9picentre, l'\u00e9t\u00e9 des mille s\u00e9ismes -","description":"Un r\u00e9cit qui raconte comment notre famille a surv\u00e9cu aux tremblements de terre d\u00e9vastateurs de l\u2019\u00e9t\u00e9 2018 sur Lombok, en Indon\u00e9sie.","robots":{"index":"index","follow":"follow","max-snippet":"max-snippet:-1","max-image-preview":"max-image-preview:large","max-video-preview":"max-video-preview:-1"},"canonical":"https:\/\/boutique.annesophiegindroz.com\/index.php\/produit\/epicentre-lete-des-mille-seismes\/","og_locale":"fr_FR","og_type":"article","og_title":"\u00c9picentre, l'\u00e9t\u00e9 des mille s\u00e9ismes -","og_description":"Un r\u00e9cit qui raconte comment notre famille a surv\u00e9cu aux tremblements de terre d\u00e9vastateurs de l\u2019\u00e9t\u00e9 2018 sur Lombok, en Indon\u00e9sie.","og_url":"https:\/\/boutique.annesophiegindroz.com\/index.php\/produit\/epicentre-lete-des-mille-seismes\/","article_modified_time":"2025-09-23T04:16:52+00:00","og_image":[{"width":300,"height":300,"url":"https:\/\/boutique.annesophiegindroz.com\/wp-content\/uploads\/2025\/09\/Epicentre-1.png","type":"image\/png"}],"twitter_card":"summary_large_image","twitter_misc":{"Dur\u00e9e de lecture estim\u00e9e":"1 minute"},"schema":{"@context":"https:\/\/schema.org","@graph":[{"@type":"WebPage","@id":"https:\/\/boutique.annesophiegindroz.com\/index.php\/produit\/epicentre-lete-des-mille-seismes\/","url":"https:\/\/boutique.annesophiegindroz.com\/index.php\/produit\/epicentre-lete-des-mille-seismes\/","name":"\u00c9picentre, l'\u00e9t\u00e9 des mille s\u00e9ismes -","isPartOf":{"@id":"https:\/\/boutique.annesophiegindroz.com\/#website"},"primaryImageOfPage":{"@id":"https:\/\/boutique.annesophiegindroz.com\/index.php\/produit\/epicentre-lete-des-mille-seismes\/#primaryimage"},"image":{"@id":"https:\/\/boutique.annesophiegindroz.com\/index.php\/produit\/epicentre-lete-des-mille-seismes\/#primaryimage"},"thumbnailUrl":"https:\/\/boutique.annesophiegindroz.com\/wp-content\/uploads\/2025\/09\/Epicentre-1.png","datePublished":"2025-09-15T12:10:20+00:00","dateModified":"2025-09-23T04:16:52+00:00","description":"Un r\u00e9cit qui raconte comment notre famille a surv\u00e9cu aux tremblements de terre d\u00e9vastateurs de l\u2019\u00e9t\u00e9 2018 sur Lombok, en Indon\u00e9sie.","breadcrumb":{"@id":"https:\/\/boutique.annesophiegindroz.com\/index.php\/produit\/epicentre-lete-des-mille-seismes\/#breadcrumb"},"inLanguage":"fr-FR","potentialAction":[{"@type":"ReadAction","target":["https:\/\/boutique.annesophiegindroz.com\/index.php\/produit\/epicentre-lete-des-mille-seismes\/"]}]},{"@type":"ImageObject","inLanguage":"fr-FR","@id":"https:\/\/boutique.annesophiegindroz.com\/index.php\/produit\/epicentre-lete-des-mille-seismes\/#primaryimage","url":"https:\/\/boutique.annesophiegindroz.com\/wp-content\/uploads\/2025\/09\/Epicentre-1.png","contentUrl":"https:\/\/boutique.annesophiegindroz.com\/wp-content\/uploads\/2025\/09\/Epicentre-1.png","width":300,"height":300,"caption":"Couverture Epicentre"},{"@type":"BreadcrumbList","@id":"https:\/\/boutique.annesophiegindroz.com\/index.php\/produit\/epicentre-lete-des-mille-seismes\/#breadcrumb","itemListElement":[{"@type":"ListItem","position":1,"name":"Accueil","item":"https:\/\/boutique.annesophiegindroz.com\/"},{"@type":"ListItem","position":2,"name":"Boutique France","item":"https:\/\/boutique.annesophiegindroz.com\/"},{"@type":"ListItem","position":3,"name":"\u00c9picentre, l&#8217;\u00e9t\u00e9 des mille s\u00e9ismes"}]},{"@type":"WebSite","@id":"https:\/\/boutique.annesophiegindroz.com\/#website","url":"https:\/\/boutique.annesophiegindroz.com\/","name":"","description":"","publisher":{"@id":"https:\/\/boutique.annesophiegindroz.com\/#organization"},"potentialAction":[{"@type":"SearchAction","target":{"@type":"EntryPoint","urlTemplate":"https:\/\/boutique.annesophiegindroz.com\/?s={search_term_string}"},"query-input":{"@type":"PropertyValueSpecification","valueRequired":true,"valueName":"search_term_string"}}],"inLanguage":"fr-FR"},{"@type":"Organization","@id":"https:\/\/boutique.annesophiegindroz.com\/#organization","name":"La Boutique d'Anne Sophie Gindroz","alternateName":"La Boutique","url":"https:\/\/boutique.annesophiegindroz.com\/","logo":{"@type":"ImageObject","inLanguage":"fr-FR","@id":"https:\/\/boutique.annesophiegindroz.com\/#\/schema\/logo\/image\/","url":"https:\/\/boutique.annesophiegindroz.com\/wp-content\/uploads\/2024\/03\/Screen-Shot-2024-03-07-at-02.56.17.png","contentUrl":"https:\/\/boutique.annesophiegindroz.com\/wp-content\/uploads\/2024\/03\/Screen-Shot-2024-03-07-at-02.56.17.png","width":241,"height":116,"caption":"La Boutique d'Anne Sophie Gindroz"},"image":{"@id":"https:\/\/boutique.annesophiegindroz.com\/#\/schema\/logo\/image\/"}}]}},"_links":{"self":[{"href":"https:\/\/boutique.annesophiegindroz.com\/index.php\/wp-json\/wp\/v2\/product\/339","targetHints":{"allow":["GET"]}}],"collection":[{"href":"https:\/\/boutique.annesophiegindroz.com\/index.php\/wp-json\/wp\/v2\/product"}],"about":[{"href":"https:\/\/boutique.annesophiegindroz.com\/index.php\/wp-json\/wp\/v2\/types\/product"}],"replies":[{"embeddable":true,"href":"https:\/\/boutique.annesophiegindroz.com\/index.php\/wp-json\/wp\/v2\/comments?post=339"}],"wp:featuredmedia":[{"embeddable":true,"href":"https:\/\/boutique.annesophiegindroz.com\/index.php\/wp-json\/wp\/v2\/media\/376"}],"wp:attachment":[{"href":"https:\/\/boutique.annesophiegindroz.com\/index.php\/wp-json\/wp\/v2\/media?parent=339"}],"wp:term":[{"taxonomy":"product_brand","embeddable":true,"href":"https:\/\/boutique.annesophiegindroz.com\/index.php\/wp-json\/wp\/v2\/product_brand?post=339"},{"taxonomy":"product_cat","embeddable":true,"href":"https:\/\/boutique.annesophiegindroz.com\/index.php\/wp-json\/wp\/v2\/product_cat?post=339"},{"taxonomy":"product_tag","embeddable":true,"href":"https:\/\/boutique.annesophiegindroz.com\/index.php\/wp-json\/wp\/v2\/product_tag?post=339"}],"curies":[{"name":"wp","href":"https:\/\/api.w.org\/{rel}","templated":true}]}}