{"id":338,"date":"2025-09-15T14:05:00","date_gmt":"2025-09-15T12:05:00","guid":{"rendered":"https:\/\/boutique.annesophiegindroz.com\/?post_type=product&#038;p=338"},"modified":"2025-09-15T21:00:26","modified_gmt":"2025-09-15T19:00:26","slug":"moi-jai-raison-dys","status":"publish","type":"product","link":"https:\/\/boutique.annesophiegindroz.com\/index.php\/produit\/moi-jai-raison-dys\/","title":{"rendered":"Moi J&#8217;ai Raison ! DYS"},"content":{"rendered":"<p>Livre broch\u00e9, 44 pages, 20 cm x 20 cm, illustrations couleurs, couverture souple en version DYS. Dans la version DYS, le texte dans un fran\u00e7ais simplifi\u00e9 est transcrit en utilisant des codes couleurs (alternance de couleurs par syllabe et lettres muettes gris\u00e9es) pour une lecture facilit\u00e9e.<\/p>\n","protected":false},"excerpt":{"rendered":"<p>Cach\u00e9s dans un grand arbre, six petits singes regardent tous la m\u00eame chose \u00e9trange. Mais chacun d&#8217;eux voit quelque chose de diff\u00e9rent. Ils se disputent pour savoir qui a raison. Chaque petit singe n&#8217;a qu&#8217;une partie de la v\u00e9rit\u00e9. Ce n&#8217;est qu&#8217;en partageant ce que chacun a vu qu&#8217;ils peuvent avoir une image compl\u00e8te.<\/p>\n<p>Pour enfants d\u00e8s 5-6 ans.<\/p>\n","protected":false},"featured_media":328,"comment_status":"open","ping_status":"closed","template":"","meta":[],"product_brand":[],"product_cat":[26],"product_tag":[],"class_list":{"0":"post-338","1":"product","2":"type-product","3":"status-publish","4":"has-post-thumbnail","6":"product_cat-histoire-pour-enfants-2","8":"first","9":"instock","10":"shipping-taxable","11":"purchasable","12":"product-type-simple"},"yoast_head":"<!-- This site is optimized with the Yoast SEO plugin v27.5 - https:\/\/yoast.com\/product\/yoast-seo-wordpress\/ -->\n<title>Moi J&#039;ai Raison ! DYS -<\/title>\n<meta name=\"description\" content=\"Apprendre \u00e0 \u00e9couter les autres au lieu de se disputer sur des v\u00e9rit\u00e9s partielles. Six petits singes se disputent mais chacun n&#039;a qu&#039;une partie de la v\u00e9rit\u00e9.\" \/>\n<meta name=\"robots\" content=\"index, follow, max-snippet:-1, max-image-preview:large, max-video-preview:-1\" \/>\n<link rel=\"canonical\" href=\"https:\/\/boutique.annesophiegindroz.com\/index.php\/produit\/moi-jai-raison-dys\/\" \/>\n<meta property=\"og:locale\" content=\"fr_FR\" \/>\n<meta property=\"og:type\" content=\"article\" \/>\n<meta property=\"og:title\" content=\"Moi J&#039;ai Raison ! DYS -\" \/>\n<meta property=\"og:description\" content=\"Apprendre \u00e0 \u00e9couter les autres au lieu de se disputer sur des v\u00e9rit\u00e9s partielles. Six petits singes se disputent mais chacun n&#039;a qu&#039;une partie de la v\u00e9rit\u00e9.\" \/>\n<meta property=\"og:url\" content=\"https:\/\/boutique.annesophiegindroz.com\/index.php\/produit\/moi-jai-raison-dys\/\" \/>\n<meta property=\"article:modified_time\" content=\"2025-09-15T19:00:26+00:00\" \/>\n<meta property=\"og:image\" content=\"https:\/\/boutique.annesophiegindroz.com\/wp-content\/uploads\/2025\/09\/Moi-Jai-Raison-DYS.jpg\" \/>\n\t<meta property=\"og:image:width\" content=\"1080\" \/>\n\t<meta property=\"og:image:height\" content=\"1080\" \/>\n\t<meta property=\"og:image:type\" content=\"image\/jpeg\" \/>\n<meta name=\"twitter:card\" content=\"summary_large_image\" \/>\n<meta name=\"twitter:label1\" content=\"Dur\u00e9e de lecture estim\u00e9e\" \/>\n\t<meta name=\"twitter:data1\" content=\"1 minute\" \/>\n<script type=\"application\/ld+json\" class=\"yoast-schema-graph\">{\"@context\":\"https:\\\/\\\/schema.org\",\"@graph\":[{\"@type\":\"WebPage\",\"@id\":\"https:\\\/\\\/boutique.annesophiegindroz.com\\\/index.php\\\/produit\\\/moi-jai-raison-dys\\\/\",\"url\":\"https:\\\/\\\/boutique.annesophiegindroz.com\\\/index.php\\\/produit\\\/moi-jai-raison-dys\\\/\",\"name\":\"Moi J'ai Raison ! DYS -\",\"isPartOf\":{\"@id\":\"https:\\\/\\\/boutique.annesophiegindroz.com\\\/#website\"},\"primaryImageOfPage\":{\"@id\":\"https:\\\/\\\/boutique.annesophiegindroz.com\\\/index.php\\\/produit\\\/moi-jai-raison-dys\\\/#primaryimage\"},\"image\":{\"@id\":\"https:\\\/\\\/boutique.annesophiegindroz.com\\\/index.php\\\/produit\\\/moi-jai-raison-dys\\\/#primaryimage\"},\"thumbnailUrl\":\"https:\\\/\\\/boutique.annesophiegindroz.com\\\/wp-content\\\/uploads\\\/2025\\\/09\\\/Moi-Jai-Raison-DYS.jpg\",\"datePublished\":\"2025-09-15T12:05:00+00:00\",\"dateModified\":\"2025-09-15T19:00:26+00:00\",\"description\":\"Apprendre \u00e0 \u00e9couter les autres au lieu de se disputer sur des v\u00e9rit\u00e9s partielles. Six petits singes se disputent mais chacun n'a qu'une partie de la v\u00e9rit\u00e9.\",\"breadcrumb\":{\"@id\":\"https:\\\/\\\/boutique.annesophiegindroz.com\\\/index.php\\\/produit\\\/moi-jai-raison-dys\\\/#breadcrumb\"},\"inLanguage\":\"fr-FR\",\"potentialAction\":[{\"@type\":\"ReadAction\",\"target\":[\"https:\\\/\\\/boutique.annesophiegindroz.com\\\/index.php\\\/produit\\\/moi-jai-raison-dys\\\/\"]}]},{\"@type\":\"ImageObject\",\"inLanguage\":\"fr-FR\",\"@id\":\"https:\\\/\\\/boutique.annesophiegindroz.com\\\/index.php\\\/produit\\\/moi-jai-raison-dys\\\/#primaryimage\",\"url\":\"https:\\\/\\\/boutique.annesophiegindroz.com\\\/wp-content\\\/uploads\\\/2025\\\/09\\\/Moi-Jai-Raison-DYS.jpg\",\"contentUrl\":\"https:\\\/\\\/boutique.annesophiegindroz.com\\\/wp-content\\\/uploads\\\/2025\\\/09\\\/Moi-Jai-Raison-DYS.jpg\",\"width\":1080,\"height\":1080,\"caption\":\"Couverture de Moi J'ai Raison! DYS\"},{\"@type\":\"BreadcrumbList\",\"@id\":\"https:\\\/\\\/boutique.annesophiegindroz.com\\\/index.php\\\/produit\\\/moi-jai-raison-dys\\\/#breadcrumb\",\"itemListElement\":[{\"@type\":\"ListItem\",\"position\":1,\"name\":\"Accueil\",\"item\":\"https:\\\/\\\/boutique.annesophiegindroz.com\\\/\"},{\"@type\":\"ListItem\",\"position\":2,\"name\":\"Boutique France\",\"item\":\"https:\\\/\\\/boutique.annesophiegindroz.com\\\/\"},{\"@type\":\"ListItem\",\"position\":3,\"name\":\"Moi J&#8217;ai Raison ! DYS\"}]},{\"@type\":\"WebSite\",\"@id\":\"https:\\\/\\\/boutique.annesophiegindroz.com\\\/#website\",\"url\":\"https:\\\/\\\/boutique.annesophiegindroz.com\\\/\",\"name\":\"\",\"description\":\"\",\"publisher\":{\"@id\":\"https:\\\/\\\/boutique.annesophiegindroz.com\\\/#organization\"},\"potentialAction\":[{\"@type\":\"SearchAction\",\"target\":{\"@type\":\"EntryPoint\",\"urlTemplate\":\"https:\\\/\\\/boutique.annesophiegindroz.com\\\/?s={search_term_string}\"},\"query-input\":{\"@type\":\"PropertyValueSpecification\",\"valueRequired\":true,\"valueName\":\"search_term_string\"}}],\"inLanguage\":\"fr-FR\"},{\"@type\":\"Organization\",\"@id\":\"https:\\\/\\\/boutique.annesophiegindroz.com\\\/#organization\",\"name\":\"La Boutique d'Anne Sophie Gindroz\",\"alternateName\":\"La Boutique\",\"url\":\"https:\\\/\\\/boutique.annesophiegindroz.com\\\/\",\"logo\":{\"@type\":\"ImageObject\",\"inLanguage\":\"fr-FR\",\"@id\":\"https:\\\/\\\/boutique.annesophiegindroz.com\\\/#\\\/schema\\\/logo\\\/image\\\/\",\"url\":\"https:\\\/\\\/boutique.annesophiegindroz.com\\\/wp-content\\\/uploads\\\/2024\\\/03\\\/Screen-Shot-2024-03-07-at-02.56.17.png\",\"contentUrl\":\"https:\\\/\\\/boutique.annesophiegindroz.com\\\/wp-content\\\/uploads\\\/2024\\\/03\\\/Screen-Shot-2024-03-07-at-02.56.17.png\",\"width\":241,\"height\":116,\"caption\":\"La Boutique d'Anne Sophie Gindroz\"},\"image\":{\"@id\":\"https:\\\/\\\/boutique.annesophiegindroz.com\\\/#\\\/schema\\\/logo\\\/image\\\/\"}}]}<\/script>\n<!-- \/ Yoast SEO plugin. -->","yoast_head_json":{"title":"Moi J'ai Raison ! DYS -","description":"Apprendre \u00e0 \u00e9couter les autres au lieu de se disputer sur des v\u00e9rit\u00e9s partielles. Six petits singes se disputent mais chacun n'a qu'une partie de la v\u00e9rit\u00e9.","robots":{"index":"index","follow":"follow","max-snippet":"max-snippet:-1","max-image-preview":"max-image-preview:large","max-video-preview":"max-video-preview:-1"},"canonical":"https:\/\/boutique.annesophiegindroz.com\/index.php\/produit\/moi-jai-raison-dys\/","og_locale":"fr_FR","og_type":"article","og_title":"Moi J'ai Raison ! DYS -","og_description":"Apprendre \u00e0 \u00e9couter les autres au lieu de se disputer sur des v\u00e9rit\u00e9s partielles. Six petits singes se disputent mais chacun n'a qu'une partie de la v\u00e9rit\u00e9.","og_url":"https:\/\/boutique.annesophiegindroz.com\/index.php\/produit\/moi-jai-raison-dys\/","article_modified_time":"2025-09-15T19:00:26+00:00","og_image":[{"width":1080,"height":1080,"url":"https:\/\/boutique.annesophiegindroz.com\/wp-content\/uploads\/2025\/09\/Moi-Jai-Raison-DYS.jpg","type":"image\/jpeg"}],"twitter_card":"summary_large_image","twitter_misc":{"Dur\u00e9e de lecture estim\u00e9e":"1 minute"},"schema":{"@context":"https:\/\/schema.org","@graph":[{"@type":"WebPage","@id":"https:\/\/boutique.annesophiegindroz.com\/index.php\/produit\/moi-jai-raison-dys\/","url":"https:\/\/boutique.annesophiegindroz.com\/index.php\/produit\/moi-jai-raison-dys\/","name":"Moi J'ai Raison ! DYS -","isPartOf":{"@id":"https:\/\/boutique.annesophiegindroz.com\/#website"},"primaryImageOfPage":{"@id":"https:\/\/boutique.annesophiegindroz.com\/index.php\/produit\/moi-jai-raison-dys\/#primaryimage"},"image":{"@id":"https:\/\/boutique.annesophiegindroz.com\/index.php\/produit\/moi-jai-raison-dys\/#primaryimage"},"thumbnailUrl":"https:\/\/boutique.annesophiegindroz.com\/wp-content\/uploads\/2025\/09\/Moi-Jai-Raison-DYS.jpg","datePublished":"2025-09-15T12:05:00+00:00","dateModified":"2025-09-15T19:00:26+00:00","description":"Apprendre \u00e0 \u00e9couter les autres au lieu de se disputer sur des v\u00e9rit\u00e9s partielles. Six petits singes se disputent mais chacun n'a qu'une partie de la v\u00e9rit\u00e9.","breadcrumb":{"@id":"https:\/\/boutique.annesophiegindroz.com\/index.php\/produit\/moi-jai-raison-dys\/#breadcrumb"},"inLanguage":"fr-FR","potentialAction":[{"@type":"ReadAction","target":["https:\/\/boutique.annesophiegindroz.com\/index.php\/produit\/moi-jai-raison-dys\/"]}]},{"@type":"ImageObject","inLanguage":"fr-FR","@id":"https:\/\/boutique.annesophiegindroz.com\/index.php\/produit\/moi-jai-raison-dys\/#primaryimage","url":"https:\/\/boutique.annesophiegindroz.com\/wp-content\/uploads\/2025\/09\/Moi-Jai-Raison-DYS.jpg","contentUrl":"https:\/\/boutique.annesophiegindroz.com\/wp-content\/uploads\/2025\/09\/Moi-Jai-Raison-DYS.jpg","width":1080,"height":1080,"caption":"Couverture de Moi J'ai Raison! DYS"},{"@type":"BreadcrumbList","@id":"https:\/\/boutique.annesophiegindroz.com\/index.php\/produit\/moi-jai-raison-dys\/#breadcrumb","itemListElement":[{"@type":"ListItem","position":1,"name":"Accueil","item":"https:\/\/boutique.annesophiegindroz.com\/"},{"@type":"ListItem","position":2,"name":"Boutique France","item":"https:\/\/boutique.annesophiegindroz.com\/"},{"@type":"ListItem","position":3,"name":"Moi J&#8217;ai Raison ! DYS"}]},{"@type":"WebSite","@id":"https:\/\/boutique.annesophiegindroz.com\/#website","url":"https:\/\/boutique.annesophiegindroz.com\/","name":"","description":"","publisher":{"@id":"https:\/\/boutique.annesophiegindroz.com\/#organization"},"potentialAction":[{"@type":"SearchAction","target":{"@type":"EntryPoint","urlTemplate":"https:\/\/boutique.annesophiegindroz.com\/?s={search_term_string}"},"query-input":{"@type":"PropertyValueSpecification","valueRequired":true,"valueName":"search_term_string"}}],"inLanguage":"fr-FR"},{"@type":"Organization","@id":"https:\/\/boutique.annesophiegindroz.com\/#organization","name":"La Boutique d'Anne Sophie Gindroz","alternateName":"La Boutique","url":"https:\/\/boutique.annesophiegindroz.com\/","logo":{"@type":"ImageObject","inLanguage":"fr-FR","@id":"https:\/\/boutique.annesophiegindroz.com\/#\/schema\/logo\/image\/","url":"https:\/\/boutique.annesophiegindroz.com\/wp-content\/uploads\/2024\/03\/Screen-Shot-2024-03-07-at-02.56.17.png","contentUrl":"https:\/\/boutique.annesophiegindroz.com\/wp-content\/uploads\/2024\/03\/Screen-Shot-2024-03-07-at-02.56.17.png","width":241,"height":116,"caption":"La Boutique d'Anne Sophie Gindroz"},"image":{"@id":"https:\/\/boutique.annesophiegindroz.com\/#\/schema\/logo\/image\/"}}]}},"_links":{"self":[{"href":"https:\/\/boutique.annesophiegindroz.com\/index.php\/wp-json\/wp\/v2\/product\/338","targetHints":{"allow":["GET"]}}],"collection":[{"href":"https:\/\/boutique.annesophiegindroz.com\/index.php\/wp-json\/wp\/v2\/product"}],"about":[{"href":"https:\/\/boutique.annesophiegindroz.com\/index.php\/wp-json\/wp\/v2\/types\/product"}],"replies":[{"embeddable":true,"href":"https:\/\/boutique.annesophiegindroz.com\/index.php\/wp-json\/wp\/v2\/comments?post=338"}],"wp:featuredmedia":[{"embeddable":true,"href":"https:\/\/boutique.annesophiegindroz.com\/index.php\/wp-json\/wp\/v2\/media\/328"}],"wp:attachment":[{"href":"https:\/\/boutique.annesophiegindroz.com\/index.php\/wp-json\/wp\/v2\/media?parent=338"}],"wp:term":[{"taxonomy":"product_brand","embeddable":true,"href":"https:\/\/boutique.annesophiegindroz.com\/index.php\/wp-json\/wp\/v2\/product_brand?post=338"},{"taxonomy":"product_cat","embeddable":true,"href":"https:\/\/boutique.annesophiegindroz.com\/index.php\/wp-json\/wp\/v2\/product_cat?post=338"},{"taxonomy":"product_tag","embeddable":true,"href":"https:\/\/boutique.annesophiegindroz.com\/index.php\/wp-json\/wp\/v2\/product_tag?post=338"}],"curies":[{"name":"wp","href":"https:\/\/api.w.org\/{rel}","templated":true}]}}