{"id":335,"date":"2025-09-15T13:35:42","date_gmt":"2025-09-15T11:35:42","guid":{"rendered":"https:\/\/boutique.annesophiegindroz.com\/?post_type=product&#038;p=335"},"modified":"2025-09-15T13:38:11","modified_gmt":"2025-09-15T11:38:11","slug":"le-malin-petit-canard-dys","status":"publish","type":"product","link":"https:\/\/boutique.annesophiegindroz.com\/index.php\/produit\/le-malin-petit-canard-dys\/","title":{"rendered":"Le Malin Petit Canard DYS"},"content":{"rendered":"<p>Livre broch\u00e9 36 pages, 20 cm x 20 cm, illustrations couleurs, couverture souple en version DYS. Dans la version DYS, le texte dans un fran\u00e7ais simplifi\u00e9 est transcrit en utilisant des codes couleurs (alternance de couleurs par syllabe et lettres muettes gris\u00e9es) pour une lecture facilit\u00e9e.<\/p>\n","protected":false},"excerpt":{"rendered":"<p>Petit Canard ne veut pas aller chez le docteur, car il a peur des piqu\u0302res. Il a aussi peur du loup. Mais une e\u0301trange rencontre va le gue\u0301rir de ses peurs.<\/p>\n<p>La peur, c\u2019est d\u2019abord une image mentale que l\u2019on se cre\u0301e. Une image qui nous empe\u0302che de voir la re\u0301alite\u0301 telle qu\u2019elle est. C\u2019est ce que va de\u0301couvrir le Malin Petit Canard.<\/p>\n","protected":false},"featured_media":322,"comment_status":"open","ping_status":"closed","template":"","meta":[],"product_brand":[],"product_cat":[26],"product_tag":[],"class_list":{"0":"post-335","1":"product","2":"type-product","3":"status-publish","4":"has-post-thumbnail","6":"product_cat-histoire-pour-enfants-2","8":"first","9":"instock","10":"shipping-taxable","11":"purchasable","12":"product-type-simple"},"yoast_head":"<!-- This site is optimized with the Yoast SEO plugin v27.5 - https:\/\/yoast.com\/product\/yoast-seo-wordpress\/ -->\n<title>Le Malin Petit Canard DYS -<\/title>\n<meta name=\"description\" content=\"Avec le Malin Petit Canard, l&#039;enfant va comprendre que sa peur c&#039;est d&#039;abord une image mentale et il va apprivoiser ses peurs.\" \/>\n<meta name=\"robots\" content=\"index, follow, max-snippet:-1, max-image-preview:large, max-video-preview:-1\" \/>\n<link rel=\"canonical\" href=\"https:\/\/boutique.annesophiegindroz.com\/index.php\/produit\/le-malin-petit-canard-dys\/\" \/>\n<meta property=\"og:locale\" content=\"fr_FR\" \/>\n<meta property=\"og:type\" content=\"article\" \/>\n<meta property=\"og:title\" content=\"Le Malin Petit Canard DYS -\" \/>\n<meta property=\"og:description\" content=\"Avec le Malin Petit Canard, l&#039;enfant va comprendre que sa peur c&#039;est d&#039;abord une image mentale et il va apprivoiser ses peurs.\" \/>\n<meta property=\"og:url\" content=\"https:\/\/boutique.annesophiegindroz.com\/index.php\/produit\/le-malin-petit-canard-dys\/\" \/>\n<meta property=\"article:modified_time\" content=\"2025-09-15T11:38:11+00:00\" \/>\n<meta property=\"og:image\" content=\"https:\/\/boutique.annesophiegindroz.com\/wp-content\/uploads\/2025\/09\/DYS_-Le-Malin-Petit-Canard.jpg\" \/>\n\t<meta property=\"og:image:width\" content=\"1024\" \/>\n\t<meta property=\"og:image:height\" content=\"1024\" \/>\n\t<meta property=\"og:image:type\" content=\"image\/jpeg\" \/>\n<meta name=\"twitter:card\" content=\"summary_large_image\" \/>\n<meta name=\"twitter:label1\" content=\"Dur\u00e9e de lecture estim\u00e9e\" \/>\n\t<meta name=\"twitter:data1\" content=\"1 minute\" \/>\n<script type=\"application\/ld+json\" class=\"yoast-schema-graph\">{\"@context\":\"https:\\\/\\\/schema.org\",\"@graph\":[{\"@type\":\"WebPage\",\"@id\":\"https:\\\/\\\/boutique.annesophiegindroz.com\\\/index.php\\\/produit\\\/le-malin-petit-canard-dys\\\/\",\"url\":\"https:\\\/\\\/boutique.annesophiegindroz.com\\\/index.php\\\/produit\\\/le-malin-petit-canard-dys\\\/\",\"name\":\"Le Malin Petit Canard DYS -\",\"isPartOf\":{\"@id\":\"https:\\\/\\\/boutique.annesophiegindroz.com\\\/#website\"},\"primaryImageOfPage\":{\"@id\":\"https:\\\/\\\/boutique.annesophiegindroz.com\\\/index.php\\\/produit\\\/le-malin-petit-canard-dys\\\/#primaryimage\"},\"image\":{\"@id\":\"https:\\\/\\\/boutique.annesophiegindroz.com\\\/index.php\\\/produit\\\/le-malin-petit-canard-dys\\\/#primaryimage\"},\"thumbnailUrl\":\"https:\\\/\\\/boutique.annesophiegindroz.com\\\/wp-content\\\/uploads\\\/2025\\\/09\\\/DYS_-Le-Malin-Petit-Canard.jpg\",\"datePublished\":\"2025-09-15T11:35:42+00:00\",\"dateModified\":\"2025-09-15T11:38:11+00:00\",\"description\":\"Avec le Malin Petit Canard, l'enfant va comprendre que sa peur c'est d'abord une image mentale et il va apprivoiser ses peurs.\",\"breadcrumb\":{\"@id\":\"https:\\\/\\\/boutique.annesophiegindroz.com\\\/index.php\\\/produit\\\/le-malin-petit-canard-dys\\\/#breadcrumb\"},\"inLanguage\":\"fr-FR\",\"potentialAction\":[{\"@type\":\"ReadAction\",\"target\":[\"https:\\\/\\\/boutique.annesophiegindroz.com\\\/index.php\\\/produit\\\/le-malin-petit-canard-dys\\\/\"]}]},{\"@type\":\"ImageObject\",\"inLanguage\":\"fr-FR\",\"@id\":\"https:\\\/\\\/boutique.annesophiegindroz.com\\\/index.php\\\/produit\\\/le-malin-petit-canard-dys\\\/#primaryimage\",\"url\":\"https:\\\/\\\/boutique.annesophiegindroz.com\\\/wp-content\\\/uploads\\\/2025\\\/09\\\/DYS_-Le-Malin-Petit-Canard.jpg\",\"contentUrl\":\"https:\\\/\\\/boutique.annesophiegindroz.com\\\/wp-content\\\/uploads\\\/2025\\\/09\\\/DYS_-Le-Malin-Petit-Canard.jpg\",\"width\":1024,\"height\":1024},{\"@type\":\"BreadcrumbList\",\"@id\":\"https:\\\/\\\/boutique.annesophiegindroz.com\\\/index.php\\\/produit\\\/le-malin-petit-canard-dys\\\/#breadcrumb\",\"itemListElement\":[{\"@type\":\"ListItem\",\"position\":1,\"name\":\"Accueil\",\"item\":\"https:\\\/\\\/boutique.annesophiegindroz.com\\\/\"},{\"@type\":\"ListItem\",\"position\":2,\"name\":\"Boutique France\",\"item\":\"https:\\\/\\\/boutique.annesophiegindroz.com\\\/\"},{\"@type\":\"ListItem\",\"position\":3,\"name\":\"Le Malin Petit Canard DYS\"}]},{\"@type\":\"WebSite\",\"@id\":\"https:\\\/\\\/boutique.annesophiegindroz.com\\\/#website\",\"url\":\"https:\\\/\\\/boutique.annesophiegindroz.com\\\/\",\"name\":\"\",\"description\":\"\",\"publisher\":{\"@id\":\"https:\\\/\\\/boutique.annesophiegindroz.com\\\/#organization\"},\"potentialAction\":[{\"@type\":\"SearchAction\",\"target\":{\"@type\":\"EntryPoint\",\"urlTemplate\":\"https:\\\/\\\/boutique.annesophiegindroz.com\\\/?s={search_term_string}\"},\"query-input\":{\"@type\":\"PropertyValueSpecification\",\"valueRequired\":true,\"valueName\":\"search_term_string\"}}],\"inLanguage\":\"fr-FR\"},{\"@type\":\"Organization\",\"@id\":\"https:\\\/\\\/boutique.annesophiegindroz.com\\\/#organization\",\"name\":\"La Boutique d'Anne Sophie Gindroz\",\"alternateName\":\"La Boutique\",\"url\":\"https:\\\/\\\/boutique.annesophiegindroz.com\\\/\",\"logo\":{\"@type\":\"ImageObject\",\"inLanguage\":\"fr-FR\",\"@id\":\"https:\\\/\\\/boutique.annesophiegindroz.com\\\/#\\\/schema\\\/logo\\\/image\\\/\",\"url\":\"https:\\\/\\\/boutique.annesophiegindroz.com\\\/wp-content\\\/uploads\\\/2024\\\/03\\\/Screen-Shot-2024-03-07-at-02.56.17.png\",\"contentUrl\":\"https:\\\/\\\/boutique.annesophiegindroz.com\\\/wp-content\\\/uploads\\\/2024\\\/03\\\/Screen-Shot-2024-03-07-at-02.56.17.png\",\"width\":241,\"height\":116,\"caption\":\"La Boutique d'Anne Sophie Gindroz\"},\"image\":{\"@id\":\"https:\\\/\\\/boutique.annesophiegindroz.com\\\/#\\\/schema\\\/logo\\\/image\\\/\"}}]}<\/script>\n<!-- \/ Yoast SEO plugin. -->","yoast_head_json":{"title":"Le Malin Petit Canard DYS -","description":"Avec le Malin Petit Canard, l'enfant va comprendre que sa peur c'est d'abord une image mentale et il va apprivoiser ses peurs.","robots":{"index":"index","follow":"follow","max-snippet":"max-snippet:-1","max-image-preview":"max-image-preview:large","max-video-preview":"max-video-preview:-1"},"canonical":"https:\/\/boutique.annesophiegindroz.com\/index.php\/produit\/le-malin-petit-canard-dys\/","og_locale":"fr_FR","og_type":"article","og_title":"Le Malin Petit Canard DYS -","og_description":"Avec le Malin Petit Canard, l'enfant va comprendre que sa peur c'est d'abord une image mentale et il va apprivoiser ses peurs.","og_url":"https:\/\/boutique.annesophiegindroz.com\/index.php\/produit\/le-malin-petit-canard-dys\/","article_modified_time":"2025-09-15T11:38:11+00:00","og_image":[{"width":1024,"height":1024,"url":"https:\/\/boutique.annesophiegindroz.com\/wp-content\/uploads\/2025\/09\/DYS_-Le-Malin-Petit-Canard.jpg","type":"image\/jpeg"}],"twitter_card":"summary_large_image","twitter_misc":{"Dur\u00e9e de lecture estim\u00e9e":"1 minute"},"schema":{"@context":"https:\/\/schema.org","@graph":[{"@type":"WebPage","@id":"https:\/\/boutique.annesophiegindroz.com\/index.php\/produit\/le-malin-petit-canard-dys\/","url":"https:\/\/boutique.annesophiegindroz.com\/index.php\/produit\/le-malin-petit-canard-dys\/","name":"Le Malin Petit Canard DYS -","isPartOf":{"@id":"https:\/\/boutique.annesophiegindroz.com\/#website"},"primaryImageOfPage":{"@id":"https:\/\/boutique.annesophiegindroz.com\/index.php\/produit\/le-malin-petit-canard-dys\/#primaryimage"},"image":{"@id":"https:\/\/boutique.annesophiegindroz.com\/index.php\/produit\/le-malin-petit-canard-dys\/#primaryimage"},"thumbnailUrl":"https:\/\/boutique.annesophiegindroz.com\/wp-content\/uploads\/2025\/09\/DYS_-Le-Malin-Petit-Canard.jpg","datePublished":"2025-09-15T11:35:42+00:00","dateModified":"2025-09-15T11:38:11+00:00","description":"Avec le Malin Petit Canard, l'enfant va comprendre que sa peur c'est d'abord une image mentale et il va apprivoiser ses peurs.","breadcrumb":{"@id":"https:\/\/boutique.annesophiegindroz.com\/index.php\/produit\/le-malin-petit-canard-dys\/#breadcrumb"},"inLanguage":"fr-FR","potentialAction":[{"@type":"ReadAction","target":["https:\/\/boutique.annesophiegindroz.com\/index.php\/produit\/le-malin-petit-canard-dys\/"]}]},{"@type":"ImageObject","inLanguage":"fr-FR","@id":"https:\/\/boutique.annesophiegindroz.com\/index.php\/produit\/le-malin-petit-canard-dys\/#primaryimage","url":"https:\/\/boutique.annesophiegindroz.com\/wp-content\/uploads\/2025\/09\/DYS_-Le-Malin-Petit-Canard.jpg","contentUrl":"https:\/\/boutique.annesophiegindroz.com\/wp-content\/uploads\/2025\/09\/DYS_-Le-Malin-Petit-Canard.jpg","width":1024,"height":1024},{"@type":"BreadcrumbList","@id":"https:\/\/boutique.annesophiegindroz.com\/index.php\/produit\/le-malin-petit-canard-dys\/#breadcrumb","itemListElement":[{"@type":"ListItem","position":1,"name":"Accueil","item":"https:\/\/boutique.annesophiegindroz.com\/"},{"@type":"ListItem","position":2,"name":"Boutique France","item":"https:\/\/boutique.annesophiegindroz.com\/"},{"@type":"ListItem","position":3,"name":"Le Malin Petit Canard DYS"}]},{"@type":"WebSite","@id":"https:\/\/boutique.annesophiegindroz.com\/#website","url":"https:\/\/boutique.annesophiegindroz.com\/","name":"","description":"","publisher":{"@id":"https:\/\/boutique.annesophiegindroz.com\/#organization"},"potentialAction":[{"@type":"SearchAction","target":{"@type":"EntryPoint","urlTemplate":"https:\/\/boutique.annesophiegindroz.com\/?s={search_term_string}"},"query-input":{"@type":"PropertyValueSpecification","valueRequired":true,"valueName":"search_term_string"}}],"inLanguage":"fr-FR"},{"@type":"Organization","@id":"https:\/\/boutique.annesophiegindroz.com\/#organization","name":"La Boutique d'Anne Sophie Gindroz","alternateName":"La Boutique","url":"https:\/\/boutique.annesophiegindroz.com\/","logo":{"@type":"ImageObject","inLanguage":"fr-FR","@id":"https:\/\/boutique.annesophiegindroz.com\/#\/schema\/logo\/image\/","url":"https:\/\/boutique.annesophiegindroz.com\/wp-content\/uploads\/2024\/03\/Screen-Shot-2024-03-07-at-02.56.17.png","contentUrl":"https:\/\/boutique.annesophiegindroz.com\/wp-content\/uploads\/2024\/03\/Screen-Shot-2024-03-07-at-02.56.17.png","width":241,"height":116,"caption":"La Boutique d'Anne Sophie Gindroz"},"image":{"@id":"https:\/\/boutique.annesophiegindroz.com\/#\/schema\/logo\/image\/"}}]}},"_links":{"self":[{"href":"https:\/\/boutique.annesophiegindroz.com\/index.php\/wp-json\/wp\/v2\/product\/335","targetHints":{"allow":["GET"]}}],"collection":[{"href":"https:\/\/boutique.annesophiegindroz.com\/index.php\/wp-json\/wp\/v2\/product"}],"about":[{"href":"https:\/\/boutique.annesophiegindroz.com\/index.php\/wp-json\/wp\/v2\/types\/product"}],"replies":[{"embeddable":true,"href":"https:\/\/boutique.annesophiegindroz.com\/index.php\/wp-json\/wp\/v2\/comments?post=335"}],"wp:featuredmedia":[{"embeddable":true,"href":"https:\/\/boutique.annesophiegindroz.com\/index.php\/wp-json\/wp\/v2\/media\/322"}],"wp:attachment":[{"href":"https:\/\/boutique.annesophiegindroz.com\/index.php\/wp-json\/wp\/v2\/media?parent=335"}],"wp:term":[{"taxonomy":"product_brand","embeddable":true,"href":"https:\/\/boutique.annesophiegindroz.com\/index.php\/wp-json\/wp\/v2\/product_brand?post=335"},{"taxonomy":"product_cat","embeddable":true,"href":"https:\/\/boutique.annesophiegindroz.com\/index.php\/wp-json\/wp\/v2\/product_cat?post=335"},{"taxonomy":"product_tag","embeddable":true,"href":"https:\/\/boutique.annesophiegindroz.com\/index.php\/wp-json\/wp\/v2\/product_tag?post=335"}],"curies":[{"name":"wp","href":"https:\/\/api.w.org\/{rel}","templated":true}]}}