{"id":319,"date":"2025-09-15T12:35:17","date_gmt":"2025-09-15T10:35:17","guid":{"rendered":"https:\/\/boutique.annesophiegindroz.com\/?post_type=product&#038;p=319"},"modified":"2025-09-23T03:46:00","modified_gmt":"2025-09-23T01:46:00","slug":"offrir-un-livre-a-un-enfant-en-indonesie-1","status":"publish","type":"product","link":"https:\/\/boutique.annesophiegindroz.com\/index.php\/produit\/offrir-un-livre-a-un-enfant-en-indonesie-1\/","title":{"rendered":"Offrir un livre \u00e0 un enfant en Indon\u00e9sie (1)"},"content":{"rendered":"<p>Offrez <strong>Le Secret de Nina<\/strong> en indon\u00e9sien \u00e0 un enfant de Lombok !<\/p>\n","protected":false},"excerpt":{"rendered":"<p>L&#8217;association Le Cajou s&#8217;engage \u00e0 soutenir la diffusion du livre Le Secret de Nina en Indon\u00e9sie. Une version en indon\u00e9sien du livre est disponible. Vous pouvez offrir un exemplaire de cette histoire \u00e0 un enfant de Lombok !<\/p>\n","protected":false},"featured_media":330,"comment_status":"open","ping_status":"closed","template":"","meta":[],"product_brand":[],"product_cat":[26],"product_tag":[],"class_list":{"0":"post-319","1":"product","2":"type-product","3":"status-publish","4":"has-post-thumbnail","6":"product_cat-histoire-pour-enfants-2","8":"first","9":"instock","10":"virtual","11":"purchasable","12":"product-type-simple"},"yoast_head":"<!-- This site is optimized with the Yoast SEO plugin v27.5 - https:\/\/yoast.com\/product\/yoast-seo-wordpress\/ -->\n<title>Offrir un livre \u00e0 un enfant en Indon\u00e9sie (1) -<\/title>\n<meta name=\"description\" content=\"L&#039;association Le Cajou s&#039;engage \u00e0 soutenir la diffusion du Secret de Nina en Indon\u00e9sie. Vous pouvez offrir l&#039;histoire en indon\u00e9sien \u00e0 un enfant \u00e0 Lombok !\" \/>\n<meta name=\"robots\" content=\"index, follow, max-snippet:-1, max-image-preview:large, max-video-preview:-1\" \/>\n<link rel=\"canonical\" href=\"https:\/\/boutique.annesophiegindroz.com\/index.php\/produit\/offrir-un-livre-a-un-enfant-en-indonesie-1\/\" \/>\n<meta property=\"og:locale\" content=\"fr_FR\" \/>\n<meta property=\"og:type\" content=\"article\" \/>\n<meta property=\"og:title\" content=\"Offrir un livre \u00e0 un enfant en Indon\u00e9sie (1) -\" \/>\n<meta property=\"og:description\" content=\"L&#039;association Le Cajou s&#039;engage \u00e0 soutenir la diffusion du Secret de Nina en Indon\u00e9sie. Vous pouvez offrir l&#039;histoire en indon\u00e9sien \u00e0 un enfant \u00e0 Lombok !\" \/>\n<meta property=\"og:url\" content=\"https:\/\/boutique.annesophiegindroz.com\/index.php\/produit\/offrir-un-livre-a-un-enfant-en-indonesie-1\/\" \/>\n<meta property=\"article:modified_time\" content=\"2025-09-23T01:46:00+00:00\" \/>\n<meta property=\"og:image\" content=\"https:\/\/boutique.annesophiegindroz.com\/wp-content\/uploads\/2025\/09\/5.jpg\" \/>\n\t<meta property=\"og:image:width\" content=\"1080\" \/>\n\t<meta property=\"og:image:height\" content=\"1080\" \/>\n\t<meta property=\"og:image:type\" content=\"image\/jpeg\" \/>\n<meta name=\"twitter:card\" content=\"summary_large_image\" \/>\n<meta name=\"twitter:label1\" content=\"Dur\u00e9e de lecture estim\u00e9e\" \/>\n\t<meta name=\"twitter:data1\" content=\"1 minute\" \/>\n<script type=\"application\/ld+json\" class=\"yoast-schema-graph\">{\"@context\":\"https:\\\/\\\/schema.org\",\"@graph\":[{\"@type\":\"WebPage\",\"@id\":\"https:\\\/\\\/boutique.annesophiegindroz.com\\\/index.php\\\/produit\\\/offrir-un-livre-a-un-enfant-en-indonesie-1\\\/\",\"url\":\"https:\\\/\\\/boutique.annesophiegindroz.com\\\/index.php\\\/produit\\\/offrir-un-livre-a-un-enfant-en-indonesie-1\\\/\",\"name\":\"Offrir un livre \u00e0 un enfant en Indon\u00e9sie (1) -\",\"isPartOf\":{\"@id\":\"https:\\\/\\\/boutique.annesophiegindroz.com\\\/#website\"},\"primaryImageOfPage\":{\"@id\":\"https:\\\/\\\/boutique.annesophiegindroz.com\\\/index.php\\\/produit\\\/offrir-un-livre-a-un-enfant-en-indonesie-1\\\/#primaryimage\"},\"image\":{\"@id\":\"https:\\\/\\\/boutique.annesophiegindroz.com\\\/index.php\\\/produit\\\/offrir-un-livre-a-un-enfant-en-indonesie-1\\\/#primaryimage\"},\"thumbnailUrl\":\"https:\\\/\\\/boutique.annesophiegindroz.com\\\/wp-content\\\/uploads\\\/2025\\\/09\\\/5.jpg\",\"datePublished\":\"2025-09-15T10:35:17+00:00\",\"dateModified\":\"2025-09-23T01:46:00+00:00\",\"description\":\"L'association Le Cajou s'engage \u00e0 soutenir la diffusion du Secret de Nina en Indon\u00e9sie. Vous pouvez offrir l'histoire en indon\u00e9sien \u00e0 un enfant \u00e0 Lombok !\",\"breadcrumb\":{\"@id\":\"https:\\\/\\\/boutique.annesophiegindroz.com\\\/index.php\\\/produit\\\/offrir-un-livre-a-un-enfant-en-indonesie-1\\\/#breadcrumb\"},\"inLanguage\":\"fr-FR\",\"potentialAction\":[{\"@type\":\"ReadAction\",\"target\":[\"https:\\\/\\\/boutique.annesophiegindroz.com\\\/index.php\\\/produit\\\/offrir-un-livre-a-un-enfant-en-indonesie-1\\\/\"]}]},{\"@type\":\"ImageObject\",\"inLanguage\":\"fr-FR\",\"@id\":\"https:\\\/\\\/boutique.annesophiegindroz.com\\\/index.php\\\/produit\\\/offrir-un-livre-a-un-enfant-en-indonesie-1\\\/#primaryimage\",\"url\":\"https:\\\/\\\/boutique.annesophiegindroz.com\\\/wp-content\\\/uploads\\\/2025\\\/09\\\/5.jpg\",\"contentUrl\":\"https:\\\/\\\/boutique.annesophiegindroz.com\\\/wp-content\\\/uploads\\\/2025\\\/09\\\/5.jpg\",\"width\":1080,\"height\":1080,\"caption\":\"Rahasia Nina\"},{\"@type\":\"BreadcrumbList\",\"@id\":\"https:\\\/\\\/boutique.annesophiegindroz.com\\\/index.php\\\/produit\\\/offrir-un-livre-a-un-enfant-en-indonesie-1\\\/#breadcrumb\",\"itemListElement\":[{\"@type\":\"ListItem\",\"position\":1,\"name\":\"Accueil\",\"item\":\"https:\\\/\\\/boutique.annesophiegindroz.com\\\/\"},{\"@type\":\"ListItem\",\"position\":2,\"name\":\"Boutique France\",\"item\":\"https:\\\/\\\/boutique.annesophiegindroz.com\\\/\"},{\"@type\":\"ListItem\",\"position\":3,\"name\":\"Offrir un livre \u00e0 un enfant en Indon\u00e9sie (1)\"}]},{\"@type\":\"WebSite\",\"@id\":\"https:\\\/\\\/boutique.annesophiegindroz.com\\\/#website\",\"url\":\"https:\\\/\\\/boutique.annesophiegindroz.com\\\/\",\"name\":\"\",\"description\":\"\",\"publisher\":{\"@id\":\"https:\\\/\\\/boutique.annesophiegindroz.com\\\/#organization\"},\"potentialAction\":[{\"@type\":\"SearchAction\",\"target\":{\"@type\":\"EntryPoint\",\"urlTemplate\":\"https:\\\/\\\/boutique.annesophiegindroz.com\\\/?s={search_term_string}\"},\"query-input\":{\"@type\":\"PropertyValueSpecification\",\"valueRequired\":true,\"valueName\":\"search_term_string\"}}],\"inLanguage\":\"fr-FR\"},{\"@type\":\"Organization\",\"@id\":\"https:\\\/\\\/boutique.annesophiegindroz.com\\\/#organization\",\"name\":\"La Boutique d'Anne Sophie Gindroz\",\"alternateName\":\"La Boutique\",\"url\":\"https:\\\/\\\/boutique.annesophiegindroz.com\\\/\",\"logo\":{\"@type\":\"ImageObject\",\"inLanguage\":\"fr-FR\",\"@id\":\"https:\\\/\\\/boutique.annesophiegindroz.com\\\/#\\\/schema\\\/logo\\\/image\\\/\",\"url\":\"https:\\\/\\\/boutique.annesophiegindroz.com\\\/wp-content\\\/uploads\\\/2024\\\/03\\\/Screen-Shot-2024-03-07-at-02.56.17.png\",\"contentUrl\":\"https:\\\/\\\/boutique.annesophiegindroz.com\\\/wp-content\\\/uploads\\\/2024\\\/03\\\/Screen-Shot-2024-03-07-at-02.56.17.png\",\"width\":241,\"height\":116,\"caption\":\"La Boutique d'Anne Sophie Gindroz\"},\"image\":{\"@id\":\"https:\\\/\\\/boutique.annesophiegindroz.com\\\/#\\\/schema\\\/logo\\\/image\\\/\"}}]}<\/script>\n<!-- \/ Yoast SEO plugin. -->","yoast_head_json":{"title":"Offrir un livre \u00e0 un enfant en Indon\u00e9sie (1) -","description":"L'association Le Cajou s'engage \u00e0 soutenir la diffusion du Secret de Nina en Indon\u00e9sie. Vous pouvez offrir l'histoire en indon\u00e9sien \u00e0 un enfant \u00e0 Lombok !","robots":{"index":"index","follow":"follow","max-snippet":"max-snippet:-1","max-image-preview":"max-image-preview:large","max-video-preview":"max-video-preview:-1"},"canonical":"https:\/\/boutique.annesophiegindroz.com\/index.php\/produit\/offrir-un-livre-a-un-enfant-en-indonesie-1\/","og_locale":"fr_FR","og_type":"article","og_title":"Offrir un livre \u00e0 un enfant en Indon\u00e9sie (1) -","og_description":"L'association Le Cajou s'engage \u00e0 soutenir la diffusion du Secret de Nina en Indon\u00e9sie. Vous pouvez offrir l'histoire en indon\u00e9sien \u00e0 un enfant \u00e0 Lombok !","og_url":"https:\/\/boutique.annesophiegindroz.com\/index.php\/produit\/offrir-un-livre-a-un-enfant-en-indonesie-1\/","article_modified_time":"2025-09-23T01:46:00+00:00","og_image":[{"width":1080,"height":1080,"url":"https:\/\/boutique.annesophiegindroz.com\/wp-content\/uploads\/2025\/09\/5.jpg","type":"image\/jpeg"}],"twitter_card":"summary_large_image","twitter_misc":{"Dur\u00e9e de lecture estim\u00e9e":"1 minute"},"schema":{"@context":"https:\/\/schema.org","@graph":[{"@type":"WebPage","@id":"https:\/\/boutique.annesophiegindroz.com\/index.php\/produit\/offrir-un-livre-a-un-enfant-en-indonesie-1\/","url":"https:\/\/boutique.annesophiegindroz.com\/index.php\/produit\/offrir-un-livre-a-un-enfant-en-indonesie-1\/","name":"Offrir un livre \u00e0 un enfant en Indon\u00e9sie (1) -","isPartOf":{"@id":"https:\/\/boutique.annesophiegindroz.com\/#website"},"primaryImageOfPage":{"@id":"https:\/\/boutique.annesophiegindroz.com\/index.php\/produit\/offrir-un-livre-a-un-enfant-en-indonesie-1\/#primaryimage"},"image":{"@id":"https:\/\/boutique.annesophiegindroz.com\/index.php\/produit\/offrir-un-livre-a-un-enfant-en-indonesie-1\/#primaryimage"},"thumbnailUrl":"https:\/\/boutique.annesophiegindroz.com\/wp-content\/uploads\/2025\/09\/5.jpg","datePublished":"2025-09-15T10:35:17+00:00","dateModified":"2025-09-23T01:46:00+00:00","description":"L'association Le Cajou s'engage \u00e0 soutenir la diffusion du Secret de Nina en Indon\u00e9sie. Vous pouvez offrir l'histoire en indon\u00e9sien \u00e0 un enfant \u00e0 Lombok !","breadcrumb":{"@id":"https:\/\/boutique.annesophiegindroz.com\/index.php\/produit\/offrir-un-livre-a-un-enfant-en-indonesie-1\/#breadcrumb"},"inLanguage":"fr-FR","potentialAction":[{"@type":"ReadAction","target":["https:\/\/boutique.annesophiegindroz.com\/index.php\/produit\/offrir-un-livre-a-un-enfant-en-indonesie-1\/"]}]},{"@type":"ImageObject","inLanguage":"fr-FR","@id":"https:\/\/boutique.annesophiegindroz.com\/index.php\/produit\/offrir-un-livre-a-un-enfant-en-indonesie-1\/#primaryimage","url":"https:\/\/boutique.annesophiegindroz.com\/wp-content\/uploads\/2025\/09\/5.jpg","contentUrl":"https:\/\/boutique.annesophiegindroz.com\/wp-content\/uploads\/2025\/09\/5.jpg","width":1080,"height":1080,"caption":"Rahasia Nina"},{"@type":"BreadcrumbList","@id":"https:\/\/boutique.annesophiegindroz.com\/index.php\/produit\/offrir-un-livre-a-un-enfant-en-indonesie-1\/#breadcrumb","itemListElement":[{"@type":"ListItem","position":1,"name":"Accueil","item":"https:\/\/boutique.annesophiegindroz.com\/"},{"@type":"ListItem","position":2,"name":"Boutique France","item":"https:\/\/boutique.annesophiegindroz.com\/"},{"@type":"ListItem","position":3,"name":"Offrir un livre \u00e0 un enfant en Indon\u00e9sie (1)"}]},{"@type":"WebSite","@id":"https:\/\/boutique.annesophiegindroz.com\/#website","url":"https:\/\/boutique.annesophiegindroz.com\/","name":"","description":"","publisher":{"@id":"https:\/\/boutique.annesophiegindroz.com\/#organization"},"potentialAction":[{"@type":"SearchAction","target":{"@type":"EntryPoint","urlTemplate":"https:\/\/boutique.annesophiegindroz.com\/?s={search_term_string}"},"query-input":{"@type":"PropertyValueSpecification","valueRequired":true,"valueName":"search_term_string"}}],"inLanguage":"fr-FR"},{"@type":"Organization","@id":"https:\/\/boutique.annesophiegindroz.com\/#organization","name":"La Boutique d'Anne Sophie Gindroz","alternateName":"La Boutique","url":"https:\/\/boutique.annesophiegindroz.com\/","logo":{"@type":"ImageObject","inLanguage":"fr-FR","@id":"https:\/\/boutique.annesophiegindroz.com\/#\/schema\/logo\/image\/","url":"https:\/\/boutique.annesophiegindroz.com\/wp-content\/uploads\/2024\/03\/Screen-Shot-2024-03-07-at-02.56.17.png","contentUrl":"https:\/\/boutique.annesophiegindroz.com\/wp-content\/uploads\/2024\/03\/Screen-Shot-2024-03-07-at-02.56.17.png","width":241,"height":116,"caption":"La Boutique d'Anne Sophie Gindroz"},"image":{"@id":"https:\/\/boutique.annesophiegindroz.com\/#\/schema\/logo\/image\/"}}]}},"_links":{"self":[{"href":"https:\/\/boutique.annesophiegindroz.com\/index.php\/wp-json\/wp\/v2\/product\/319","targetHints":{"allow":["GET"]}}],"collection":[{"href":"https:\/\/boutique.annesophiegindroz.com\/index.php\/wp-json\/wp\/v2\/product"}],"about":[{"href":"https:\/\/boutique.annesophiegindroz.com\/index.php\/wp-json\/wp\/v2\/types\/product"}],"replies":[{"embeddable":true,"href":"https:\/\/boutique.annesophiegindroz.com\/index.php\/wp-json\/wp\/v2\/comments?post=319"}],"wp:featuredmedia":[{"embeddable":true,"href":"https:\/\/boutique.annesophiegindroz.com\/index.php\/wp-json\/wp\/v2\/media\/330"}],"wp:attachment":[{"href":"https:\/\/boutique.annesophiegindroz.com\/index.php\/wp-json\/wp\/v2\/media?parent=319"}],"wp:term":[{"taxonomy":"product_brand","embeddable":true,"href":"https:\/\/boutique.annesophiegindroz.com\/index.php\/wp-json\/wp\/v2\/product_brand?post=319"},{"taxonomy":"product_cat","embeddable":true,"href":"https:\/\/boutique.annesophiegindroz.com\/index.php\/wp-json\/wp\/v2\/product_cat?post=319"},{"taxonomy":"product_tag","embeddable":true,"href":"https:\/\/boutique.annesophiegindroz.com\/index.php\/wp-json\/wp\/v2\/product_tag?post=319"}],"curies":[{"name":"wp","href":"https:\/\/api.w.org\/{rel}","templated":true}]}}