{"id":265,"date":"2024-03-10T03:15:49","date_gmt":"2024-03-10T02:15:49","guid":{"rendered":"https:\/\/boutique.annesophiegindroz.com\/?post_type=product&#038;p=265"},"modified":"2025-09-15T13:39:01","modified_gmt":"2025-09-15T11:39:01","slug":"le-secret-de-nina-dys","status":"publish","type":"product","link":"https:\/\/boutique.annesophiegindroz.com\/index.php\/produit\/le-secret-de-nina-dys\/","title":{"rendered":"Le Secret de Nina, version DYS"},"content":{"rendered":"<p>Livre broch\u00e9 40 pages, illustrations couleurs, couverture souple en version DYS. Dans la version DYS, le texte dans un fran\u00e7ais simplifi\u00e9 est transcrit en utilisant des codes couleurs (alternance de couleurs par syllabe et lettres muettes gris\u00e9es) pour une lecture facilit\u00e9e.<\/p>\n","protected":false},"excerpt":{"rendered":"<p>Nina doit faire face \u00e0 la m\u00e9chancet\u00e9, \u00e0 la jalousie et au racisme. Mais elle se prot\u00e8ge des mots qui blessent ou qui attaquent ses origines. \u00ab Comment tu fais ? \u00bb lui demande son amie Zazie. Nina partage son secret.<\/p>\n<p>Cette histoire est disponible en version transcrite pour une lecture facilit\u00e9e \u00e0 l\u2019intention des enfants DYS.<\/p>\n","protected":false},"featured_media":266,"comment_status":"open","ping_status":"closed","template":"","meta":[],"product_brand":[],"product_cat":[26],"product_tag":[],"class_list":{"0":"post-265","1":"product","2":"type-product","3":"status-publish","4":"has-post-thumbnail","6":"product_cat-histoire-pour-enfants-2","8":"first","9":"instock","10":"shipping-taxable","11":"purchasable","12":"product-type-simple"},"yoast_head":"<!-- This site is optimized with the Yoast SEO plugin v27.5 - https:\/\/yoast.com\/product\/yoast-seo-wordpress\/ -->\n<title>Le Secret de Nina, version DYS -<\/title>\n<meta name=\"description\" content=\"Un livre en lecture facilit\u00e9e pour les enfants DYS. Le secret de Nina c&#039;est pour savoir comment se prot\u00e9ger des mots qui blessent.\" \/>\n<meta name=\"robots\" content=\"index, follow, max-snippet:-1, max-image-preview:large, max-video-preview:-1\" \/>\n<link rel=\"canonical\" href=\"http:\/\/boutique.annesophiegindroz.com\/index.php\/produit\/le-secret-de-nina-dys\/\" \/>\n<meta property=\"og:locale\" content=\"fr_FR\" \/>\n<meta property=\"og:type\" content=\"article\" \/>\n<meta property=\"og:title\" content=\"Le Secret de Nina, version DYS -\" \/>\n<meta property=\"og:description\" content=\"Un livre en lecture facilit\u00e9e pour les enfants DYS. Le secret de Nina c&#039;est pour savoir comment se prot\u00e9ger des mots qui blessent.\" \/>\n<meta property=\"og:url\" content=\"http:\/\/boutique.annesophiegindroz.com\/index.php\/produit\/le-secret-de-nina-dys\/\" \/>\n<meta property=\"article:modified_time\" content=\"2025-09-15T11:39:01+00:00\" \/>\n<meta property=\"og:image\" content=\"http:\/\/boutique.annesophiegindroz.com\/wp-content\/uploads\/2024\/03\/Screenshot_20240310_104202_Drive-e1710039173576.jpg\" \/>\n\t<meta property=\"og:image:width\" content=\"300\" \/>\n\t<meta property=\"og:image:height\" content=\"296\" \/>\n\t<meta property=\"og:image:type\" content=\"image\/jpeg\" \/>\n<meta name=\"twitter:card\" content=\"summary_large_image\" \/>\n<meta name=\"twitter:label1\" content=\"Dur\u00e9e de lecture estim\u00e9e\" \/>\n\t<meta name=\"twitter:data1\" content=\"1 minute\" \/>\n<script type=\"application\/ld+json\" class=\"yoast-schema-graph\">{\"@context\":\"https:\\\/\\\/schema.org\",\"@graph\":[{\"@type\":\"WebPage\",\"@id\":\"http:\\\/\\\/boutique.annesophiegindroz.com\\\/index.php\\\/produit\\\/le-secret-de-nina-dys\\\/\",\"url\":\"http:\\\/\\\/boutique.annesophiegindroz.com\\\/index.php\\\/produit\\\/le-secret-de-nina-dys\\\/\",\"name\":\"Le Secret de Nina, version DYS -\",\"isPartOf\":{\"@id\":\"https:\\\/\\\/boutique.annesophiegindroz.com\\\/#website\"},\"primaryImageOfPage\":{\"@id\":\"http:\\\/\\\/boutique.annesophiegindroz.com\\\/index.php\\\/produit\\\/le-secret-de-nina-dys\\\/#primaryimage\"},\"image\":{\"@id\":\"http:\\\/\\\/boutique.annesophiegindroz.com\\\/index.php\\\/produit\\\/le-secret-de-nina-dys\\\/#primaryimage\"},\"thumbnailUrl\":\"https:\\\/\\\/boutique.annesophiegindroz.com\\\/wp-content\\\/uploads\\\/2024\\\/03\\\/Screenshot_20240310_104202_Drive-e1710039173576.jpg\",\"datePublished\":\"2024-03-10T02:15:49+00:00\",\"dateModified\":\"2025-09-15T11:39:01+00:00\",\"description\":\"Un livre en lecture facilit\u00e9e pour les enfants DYS. Le secret de Nina c'est pour savoir comment se prot\u00e9ger des mots qui blessent.\",\"breadcrumb\":{\"@id\":\"http:\\\/\\\/boutique.annesophiegindroz.com\\\/index.php\\\/produit\\\/le-secret-de-nina-dys\\\/#breadcrumb\"},\"inLanguage\":\"fr-FR\",\"potentialAction\":[{\"@type\":\"ReadAction\",\"target\":[\"http:\\\/\\\/boutique.annesophiegindroz.com\\\/index.php\\\/produit\\\/le-secret-de-nina-dys\\\/\"]}]},{\"@type\":\"ImageObject\",\"inLanguage\":\"fr-FR\",\"@id\":\"http:\\\/\\\/boutique.annesophiegindroz.com\\\/index.php\\\/produit\\\/le-secret-de-nina-dys\\\/#primaryimage\",\"url\":\"https:\\\/\\\/boutique.annesophiegindroz.com\\\/wp-content\\\/uploads\\\/2024\\\/03\\\/Screenshot_20240310_104202_Drive-e1710039173576.jpg\",\"contentUrl\":\"https:\\\/\\\/boutique.annesophiegindroz.com\\\/wp-content\\\/uploads\\\/2024\\\/03\\\/Screenshot_20240310_104202_Drive-e1710039173576.jpg\",\"width\":300,\"height\":296,\"caption\":\"Le Secret de Nina pour DYS\"},{\"@type\":\"BreadcrumbList\",\"@id\":\"http:\\\/\\\/boutique.annesophiegindroz.com\\\/index.php\\\/produit\\\/le-secret-de-nina-dys\\\/#breadcrumb\",\"itemListElement\":[{\"@type\":\"ListItem\",\"position\":1,\"name\":\"Accueil\",\"item\":\"https:\\\/\\\/boutique.annesophiegindroz.com\\\/\"},{\"@type\":\"ListItem\",\"position\":2,\"name\":\"Boutique France\",\"item\":\"https:\\\/\\\/boutique.annesophiegindroz.com\\\/\"},{\"@type\":\"ListItem\",\"position\":3,\"name\":\"Le Secret de Nina, version DYS\"}]},{\"@type\":\"WebSite\",\"@id\":\"https:\\\/\\\/boutique.annesophiegindroz.com\\\/#website\",\"url\":\"https:\\\/\\\/boutique.annesophiegindroz.com\\\/\",\"name\":\"\",\"description\":\"\",\"publisher\":{\"@id\":\"https:\\\/\\\/boutique.annesophiegindroz.com\\\/#organization\"},\"potentialAction\":[{\"@type\":\"SearchAction\",\"target\":{\"@type\":\"EntryPoint\",\"urlTemplate\":\"https:\\\/\\\/boutique.annesophiegindroz.com\\\/?s={search_term_string}\"},\"query-input\":{\"@type\":\"PropertyValueSpecification\",\"valueRequired\":true,\"valueName\":\"search_term_string\"}}],\"inLanguage\":\"fr-FR\"},{\"@type\":\"Organization\",\"@id\":\"https:\\\/\\\/boutique.annesophiegindroz.com\\\/#organization\",\"name\":\"La Boutique d'Anne Sophie Gindroz\",\"alternateName\":\"La Boutique\",\"url\":\"https:\\\/\\\/boutique.annesophiegindroz.com\\\/\",\"logo\":{\"@type\":\"ImageObject\",\"inLanguage\":\"fr-FR\",\"@id\":\"https:\\\/\\\/boutique.annesophiegindroz.com\\\/#\\\/schema\\\/logo\\\/image\\\/\",\"url\":\"https:\\\/\\\/boutique.annesophiegindroz.com\\\/wp-content\\\/uploads\\\/2024\\\/03\\\/Screen-Shot-2024-03-07-at-02.56.17.png\",\"contentUrl\":\"https:\\\/\\\/boutique.annesophiegindroz.com\\\/wp-content\\\/uploads\\\/2024\\\/03\\\/Screen-Shot-2024-03-07-at-02.56.17.png\",\"width\":241,\"height\":116,\"caption\":\"La Boutique d'Anne Sophie Gindroz\"},\"image\":{\"@id\":\"https:\\\/\\\/boutique.annesophiegindroz.com\\\/#\\\/schema\\\/logo\\\/image\\\/\"}}]}<\/script>\n<!-- \/ Yoast SEO plugin. -->","yoast_head_json":{"title":"Le Secret de Nina, version DYS -","description":"Un livre en lecture facilit\u00e9e pour les enfants DYS. Le secret de Nina c'est pour savoir comment se prot\u00e9ger des mots qui blessent.","robots":{"index":"index","follow":"follow","max-snippet":"max-snippet:-1","max-image-preview":"max-image-preview:large","max-video-preview":"max-video-preview:-1"},"canonical":"http:\/\/boutique.annesophiegindroz.com\/index.php\/produit\/le-secret-de-nina-dys\/","og_locale":"fr_FR","og_type":"article","og_title":"Le Secret de Nina, version DYS -","og_description":"Un livre en lecture facilit\u00e9e pour les enfants DYS. Le secret de Nina c'est pour savoir comment se prot\u00e9ger des mots qui blessent.","og_url":"http:\/\/boutique.annesophiegindroz.com\/index.php\/produit\/le-secret-de-nina-dys\/","article_modified_time":"2025-09-15T11:39:01+00:00","og_image":[{"width":300,"height":296,"url":"http:\/\/boutique.annesophiegindroz.com\/wp-content\/uploads\/2024\/03\/Screenshot_20240310_104202_Drive-e1710039173576.jpg","type":"image\/jpeg"}],"twitter_card":"summary_large_image","twitter_misc":{"Dur\u00e9e de lecture estim\u00e9e":"1 minute"},"schema":{"@context":"https:\/\/schema.org","@graph":[{"@type":"WebPage","@id":"http:\/\/boutique.annesophiegindroz.com\/index.php\/produit\/le-secret-de-nina-dys\/","url":"http:\/\/boutique.annesophiegindroz.com\/index.php\/produit\/le-secret-de-nina-dys\/","name":"Le Secret de Nina, version DYS -","isPartOf":{"@id":"https:\/\/boutique.annesophiegindroz.com\/#website"},"primaryImageOfPage":{"@id":"http:\/\/boutique.annesophiegindroz.com\/index.php\/produit\/le-secret-de-nina-dys\/#primaryimage"},"image":{"@id":"http:\/\/boutique.annesophiegindroz.com\/index.php\/produit\/le-secret-de-nina-dys\/#primaryimage"},"thumbnailUrl":"https:\/\/boutique.annesophiegindroz.com\/wp-content\/uploads\/2024\/03\/Screenshot_20240310_104202_Drive-e1710039173576.jpg","datePublished":"2024-03-10T02:15:49+00:00","dateModified":"2025-09-15T11:39:01+00:00","description":"Un livre en lecture facilit\u00e9e pour les enfants DYS. Le secret de Nina c'est pour savoir comment se prot\u00e9ger des mots qui blessent.","breadcrumb":{"@id":"http:\/\/boutique.annesophiegindroz.com\/index.php\/produit\/le-secret-de-nina-dys\/#breadcrumb"},"inLanguage":"fr-FR","potentialAction":[{"@type":"ReadAction","target":["http:\/\/boutique.annesophiegindroz.com\/index.php\/produit\/le-secret-de-nina-dys\/"]}]},{"@type":"ImageObject","inLanguage":"fr-FR","@id":"http:\/\/boutique.annesophiegindroz.com\/index.php\/produit\/le-secret-de-nina-dys\/#primaryimage","url":"https:\/\/boutique.annesophiegindroz.com\/wp-content\/uploads\/2024\/03\/Screenshot_20240310_104202_Drive-e1710039173576.jpg","contentUrl":"https:\/\/boutique.annesophiegindroz.com\/wp-content\/uploads\/2024\/03\/Screenshot_20240310_104202_Drive-e1710039173576.jpg","width":300,"height":296,"caption":"Le Secret de Nina pour DYS"},{"@type":"BreadcrumbList","@id":"http:\/\/boutique.annesophiegindroz.com\/index.php\/produit\/le-secret-de-nina-dys\/#breadcrumb","itemListElement":[{"@type":"ListItem","position":1,"name":"Accueil","item":"https:\/\/boutique.annesophiegindroz.com\/"},{"@type":"ListItem","position":2,"name":"Boutique France","item":"https:\/\/boutique.annesophiegindroz.com\/"},{"@type":"ListItem","position":3,"name":"Le Secret de Nina, version DYS"}]},{"@type":"WebSite","@id":"https:\/\/boutique.annesophiegindroz.com\/#website","url":"https:\/\/boutique.annesophiegindroz.com\/","name":"","description":"","publisher":{"@id":"https:\/\/boutique.annesophiegindroz.com\/#organization"},"potentialAction":[{"@type":"SearchAction","target":{"@type":"EntryPoint","urlTemplate":"https:\/\/boutique.annesophiegindroz.com\/?s={search_term_string}"},"query-input":{"@type":"PropertyValueSpecification","valueRequired":true,"valueName":"search_term_string"}}],"inLanguage":"fr-FR"},{"@type":"Organization","@id":"https:\/\/boutique.annesophiegindroz.com\/#organization","name":"La Boutique d'Anne Sophie Gindroz","alternateName":"La Boutique","url":"https:\/\/boutique.annesophiegindroz.com\/","logo":{"@type":"ImageObject","inLanguage":"fr-FR","@id":"https:\/\/boutique.annesophiegindroz.com\/#\/schema\/logo\/image\/","url":"https:\/\/boutique.annesophiegindroz.com\/wp-content\/uploads\/2024\/03\/Screen-Shot-2024-03-07-at-02.56.17.png","contentUrl":"https:\/\/boutique.annesophiegindroz.com\/wp-content\/uploads\/2024\/03\/Screen-Shot-2024-03-07-at-02.56.17.png","width":241,"height":116,"caption":"La Boutique d'Anne Sophie Gindroz"},"image":{"@id":"https:\/\/boutique.annesophiegindroz.com\/#\/schema\/logo\/image\/"}}]}},"_links":{"self":[{"href":"https:\/\/boutique.annesophiegindroz.com\/index.php\/wp-json\/wp\/v2\/product\/265","targetHints":{"allow":["GET"]}}],"collection":[{"href":"https:\/\/boutique.annesophiegindroz.com\/index.php\/wp-json\/wp\/v2\/product"}],"about":[{"href":"https:\/\/boutique.annesophiegindroz.com\/index.php\/wp-json\/wp\/v2\/types\/product"}],"replies":[{"embeddable":true,"href":"https:\/\/boutique.annesophiegindroz.com\/index.php\/wp-json\/wp\/v2\/comments?post=265"}],"wp:featuredmedia":[{"embeddable":true,"href":"https:\/\/boutique.annesophiegindroz.com\/index.php\/wp-json\/wp\/v2\/media\/266"}],"wp:attachment":[{"href":"https:\/\/boutique.annesophiegindroz.com\/index.php\/wp-json\/wp\/v2\/media?parent=265"}],"wp:term":[{"taxonomy":"product_brand","embeddable":true,"href":"https:\/\/boutique.annesophiegindroz.com\/index.php\/wp-json\/wp\/v2\/product_brand?post=265"},{"taxonomy":"product_cat","embeddable":true,"href":"https:\/\/boutique.annesophiegindroz.com\/index.php\/wp-json\/wp\/v2\/product_cat?post=265"},{"taxonomy":"product_tag","embeddable":true,"href":"https:\/\/boutique.annesophiegindroz.com\/index.php\/wp-json\/wp\/v2\/product_tag?post=265"}],"curies":[{"name":"wp","href":"https:\/\/api.w.org\/{rel}","templated":true}]}}