{"id":233,"date":"2024-03-09T07:39:25","date_gmt":"2024-03-09T06:39:25","guid":{"rendered":"https:\/\/boutique.annesophiegindroz.com\/?page_id=233"},"modified":"2025-09-15T20:37:47","modified_gmt":"2025-09-15T18:37:47","slug":"conditions-generales-de-vente","status":"publish","type":"page","link":"https:\/\/boutique.annesophiegindroz.com\/index.php\/info\/conditions-generales-de-vente\/","title":{"rendered":"Conditions g\u00e9n\u00e9rales de vente"},"content":{"rendered":"\t\t<div data-elementor-type=\"wp-page\" data-elementor-id=\"233\" class=\"elementor elementor-233\">\n\t\t\t\t<div class=\"elementor-element elementor-element-d9f81f4 e-flex e-con-boxed e-con e-parent\" data-id=\"d9f81f4\" data-element_type=\"container\" data-e-type=\"container\">\n\t\t\t\t\t<div class=\"e-con-inner\">\n\t\t\t\t<div class=\"elementor-element elementor-element-428079c elementor-widget elementor-widget-text-editor\" data-id=\"428079c\" data-element_type=\"widget\" data-e-type=\"widget\" data-widget_type=\"text-editor.default\">\n\t\t\t\t<div class=\"elementor-widget-container\">\n\t\t\t\t\t\t\t\t\t<p><strong>\u00c9diteur du site et h\u00e9bergement\u00a0:<\/strong><\/p><p>Afin de me conformer aux exigences l\u00e9gales, je vous informe que ce site internet est \u00e9dit\u00e9 par Anne Sophie Gindroz pour la L\u2019Association le Cajou, domicili\u00e9e en Suisse. Ce site est h\u00e9berg\u00e9 par OVH Singapour PTE LTD, 135 Cecil Street # 10 -01 MYP PLAZA, 069636 Singapour.<\/p><p><strong>Pr\u00e9ambule :<\/strong><\/p><p>Les conditions g\u00e9n\u00e9rales de vente (les &#8220;CGV&#8221;) ont pour but, d&#8217;une part, d&#8217;informer l&#8217;acheteur sur les conditions et modalit\u00e9s dans lesquelles la vente et la livraison des livres command\u00e9s via la boutique en ligne sont r\u00e9alis\u00e9es et, d&#8217;autre part, de d\u00e9finir les droits et obligations des parties. Toute commande effectu\u00e9e sur le site implique l&#8217;acceptation des CGV dont l&#8217;acheteur reconna\u00eet explicitement avoir pris connaissance pr\u00e9alablement \u00e0 la conclusion d\u2019une commande.<\/p><p><strong>D\u00e9finitions :<\/strong><\/p><p>&#8220;Le Site&#8221;\u00a0d\u00e9signe la boutique en ligne https:\/\/boutique.annesophiegindroz.com \u00e9dit\u00e9e par Anne Sophie Gindroz.<\/p><p>Le Site https:\/\/boutique.annesophiegindroz.com permet la vente des livres \u00e9crits par Anne Sophie Gindroz dans diff\u00e9rents formats (Ebook (.epub, .mobi, .pdf) ou broch\u00e9) directement sur le Site ou sur des plateformes partenaires.<\/p><p>&#8220;Acheteur&#8221; ou &#8220;Utilisateur&#8221; d\u00e9signe toute personne physique qui utilise le Site et\/ou qui passe une Commande sur le Site.<\/p><p>&#8220;Commande&#8221; d\u00e9signe tout achat valid\u00e9 par Anne Sophie Gindroz effectu\u00e9 sur le Site par un Utilisateur ou Acheteur.<\/p><p><strong>Droits d&#8217;auteure :<\/strong><\/p><p>Les livres vendus sur le Site annesophiegindroz.com sont prot\u00e9g\u00e9s par le d\u00e9p\u00f4t d\u2019un copyright dans 163 pays. Tous les droits sont exclusivement r\u00e9serv\u00e9s \u00e0 son auteure ou par l\u2019\u00e9diteur tiers, et aucune partie de ce livre ne peut \u00eatre republi\u00e9e, sous quelque forme que ce soit, sans le consentement \u00e9crit de l\u2019auteure ou de l\u2019\u00e9diteur. L&#8217;utilisateur o\u00f9 l&#8217;acheteur n\u2019a aucun droit de revente, de diffusion, ni d\u2019utilisation de cet ouvrage sans accord pr\u00e9alable de l\u2019auteur. L&#8217;utilisateur ou l&#8217;acheteur ne dispose d\u2019aucun Droit de Label Priv\u00e9. Toute violation de ces termes entra\u00eenerait des poursuites \u00e0 son \u00e9gard.<\/p><p><strong>Prise de commande :<\/strong><\/p><p>L&#8217;acheteur peut d\u00e9couvrir et s\u00e9lectionner le format de son choix sur la page d\u00e9di\u00e9e \u00e0 chaque livre ou via la boutique : https:\/\/boutique.annesophiegindroz.com\/<br \/>Les livres num\u00e9riques (sous r\u00e9serve d&#8217;exclusivit\u00e9) et broch\u00e9s peuvent \u00eatre directement command\u00e9s sur le Site ou sur les plateformes partenaires (Amazon\u2026).<\/p><p>Les commandes\u00a0effectu\u00e9es sur le Site ou sur les plateformes partenaires sont prises\u00a0en compte et trait\u00e9es \u00e0 la r\u00e9ception du r\u00e8glement par L\u2019Association Le Cajou (sur le Site) ou par lesdites plateformes (Amazon\u2026).\u00a0Anne Sophie Gindroz d\u00e9cline toutes responsabilit\u00e9s quant aux probl\u00e8mes potentiels rencontr\u00e9s avec les plateformes partenaires.<\/p><p><strong>Prix :<\/strong><\/p><p>Sur le Site, les prix sont indiqu\u00e9s en Francs suisses (CHF) et sont exon\u00e9r\u00e9s de la TVA (statut de microentreprise).\u00a0<\/p><p>Les frais de livraison sont choisis par l&#8217;Acheteur au moment de sa commande.\u00a0<\/p><p>Pour les commandes ext\u00e9rieures au Site, les plateformes appliquent des frais de livraison qui leur sont propres et de mani\u00e8re ind\u00e9pendante de la volont\u00e9 d&#8217;Anne Sophie Gindroz.<\/p><p><strong>R\u00e8glements et facturation sur le Site :<\/strong><\/p><p>Pour toute commande effectu\u00e9e sur le Site, l&#8217;Acheteur a plusieurs choix :<\/p><p><strong>R\u00e8glement par carte bancaire<\/strong>\u00a0(Carte Bleue, Visa, Mastercard, Eurocard, American Express, Diners Club) : via une page s\u00e9curis\u00e9e (syst\u00e8me Stripe ou Paypal). L&#8217;Acheteur doit indiquer le num\u00e9ro de sa carte, sa date de validit\u00e9 et les trois chiffres du cryptogramme figurant au dos de celle-ci, directement dans la zone pr\u00e9vue \u00e0 cet effet (saisie s\u00e9curis\u00e9e par cryptage SSL).<\/p><p>Pour toutes questions sur les r\u00e8glements et facturation lors d&#8217;une commande sur les autres plateformes (Amazon\u2026), l&#8217;Acheteur doit se rapprocher du service client de la plateforme concern\u00e9e.<\/p><p><strong>Envoi de la commande :<\/strong><\/p><p>Pour les livres au format broch\u00e9 command\u00e9s sur le Site, les livres sont livr\u00e9s \u00e0 l&#8217;adresse indiqu\u00e9e par l&#8217;Acheteur lors de sa commande, entre 3 et 5 jours par le service de La Poste.<\/p><p>Pour les livres num\u00e9riques command\u00e9s sur le Site (sauf condition d&#8217;exclusivit\u00e9 sur une plateforme ext\u00e9rieure), \u00e0 la fin de son r\u00e8glement, l&#8217;Acheteur sera redirig\u00e9 vers une page permettant le t\u00e9l\u00e9chargement du livre num\u00e9rique dans le format de son choix. En cas de probl\u00e8me, l&#8217;Acheteur peut contacter Anne Sophie Gindroz via\u00a0<strong><a href=\"https:\/\/annesophiegindroz.com\/contact\/\">le formulaire de contact\u00a0<\/a><\/strong>muni de son num\u00e9ro de commande.<\/p><p>Pour toute commande effectu\u00e9e sur les autres plateformes, ces plateformes sont\u00a0responsables de l&#8217;envoi et de la bonne r\u00e9ception des produits command\u00e9s. En cas de probl\u00e8me, merci de vous renseigner aupr\u00e8s du service client de la plateforme concern\u00e9e.<\/p><p><strong>Conditions de retour des livres command\u00e9s sur le site\u00a0:<\/strong><\/p><p>L&#8217;Acheteur dispose d&#8217;un d\u00e9lai de 14 jours francs, \u00e0 compter de la r\u00e9ception du livre command\u00e9 sur le Site pour exercer son droit de retour sans avoir \u00e0 justifier de motifs ni \u00e0 payer de p\u00e9nalit\u00e9s, \u00e0 l&#8217;exception des frais de retour. Si le d\u00e9lai de 14 jours vient \u00e0 expirer un samedi, un dimanche ou un jour f\u00e9ri\u00e9 ou ch\u00f4m\u00e9, il est prorog\u00e9 jusqu&#8217;au premier jour ouvrable suivant. Pass\u00e9 ce d\u00e9lai de 14 jours, le livre sera consid\u00e9r\u00e9 comme exempt de d\u00e9fauts.<\/p><p>Le livre doit \u00eatre retourn\u00e9 dans un emballage assurant sa bonne protection et doit \u00eatre confi\u00e9 \u00e0 un transporteur lui permettant de suivre le colis de retour. Dans le cas contraire, si le colis de retour exp\u00e9di\u00e9 par l&#8217;Acheteur ne parvenait pas \u00e0 L\u2019Association Le Cajou, l&#8217;Acheteur ne sera pas en mesure de prouver l&#8217;exp\u00e9dition du produit \u00e0 retourner et ne pourra pas demander le remboursement de ce produit.<\/p><p>Le livre \u00e0 retourner sera envoy\u00e9 \u00e0 l&#8217;adresse suivante :\u00a0<u>L\u2019Association Le Cajou, En Rueta 1, 2036 Cormodr\u00e8che, Suisse<\/u>. Il devra \u00eatre accompagn\u00e9 d&#8217;une lettre informative sur l\u2019exp\u00e9diteur contenant :\u00a0<u>Nom &#8211; pr\u00e9nom &#8211; adresse -num\u00e9ro de t\u00e9l\u00e9phone &#8211; num\u00e9ro de commande<\/u>.<\/p><p>En cas d&#8217;exercice du droit de retour, L\u2019association Le Cajou rembourse l&#8217;Acheteur la valeur du livre papier\u00a0achet\u00e9\u00a0apr\u00e8s r\u00e9ception du livre retourn\u00e9, dans les meilleurs d\u00e9lais et au plus tard dans les trente jours suivant la date \u00e0 laquelle ce droit a \u00e9t\u00e9 exerc\u00e9.<\/p><p>Le d\u00e9lai de retour de 14 jours ne s\u2019applique pas \u00e0 la commande de livres num\u00e9riques. Le remboursement ou l\u2019\u00e9change n&#8217;est donc pas possible pour une commande de livres num\u00e9riques.<\/p><p><strong>Donn\u00e9es personnelles :<\/strong><\/p><p>Tout Utilisateur dispose d&#8217;un droit d&#8217;acc\u00e8s, de rectification et d&#8217;opposition aux donn\u00e9es personnelles le concernant transmises au Site.<\/p><p>L&#8217;utilisateur peut proc\u00e9der aux modification\u00a0de ses propres donn\u00e9es personnelles sans intervention de la part d&#8217;Anne Sophie Gindroz via le lien en bas de chaque email : &#8220;modifier votre souscription&#8221;. L&#8217;utilisateur peut aussi demander la\u00a0modification\u00a0de ses propres donn\u00e9es personnelles via le\u00a0<u><a href=\"http:\/\/annesophiegindroz.com\/contact\/\">formulaire de contact.<\/a><\/u><\/p><p>De m\u00eame, l&#8217;utilisateur\u00a0peut\u00a0se d\u00e9sinscrire \u00e0 tout moment de la reception d&#8217;email sans intervention de la part d&#8217;Anne Sophie Gindroz via le\u00a0lien de d\u00e9sinscription\u00a0ajout\u00e9 \u00e0 chaque email &#8220;se d\u00e9sabonner&#8221; ou par contact via le\u00a0<u><a href=\"http:\/\/annesophiegindroz.com\/contact\/\">formulaire.<\/a><\/u><\/p><p>Toute demande par le formulaire de contact devra \u00eatre accompagn\u00e9e de la photocopie d&#8217;un titre d&#8217;identit\u00e9 valable de l&#8217;Utilisateur permettant la reconnaissance de l\u2019Utilisateur. Ce document sera d\u00e9truit par Anne Sophie Gindroz sans qu\u2019aucune copie ou enregistrement n\u2019en soit fait. Anne Sophie Gindroz dispose d&#8217;un d\u00e9lai maximal de deux mois suivant la r\u00e9ception de la demande pour y r\u00e9pondre.<\/p><p>Les donn\u00e9es personnelles des Utilisateurs sont collect\u00e9es de mani\u00e8re loyale et licite \u00e0 des fins de s\u00e9curit\u00e9, dans le respect des obligations l\u00e9gales et r\u00e9glementaires et notamment pour lutter contre la fraude, afin d&#8217;am\u00e9liorer le traitement et le suivi des Commandes, et de permettre aux Utilisateurs de recevoir les emails d\u2019Anne Sophie Gindroz.<\/p><p>Les donn\u00e9es \u00e0 caract\u00e8re personnel de l&#8217;Utilisateur ne seront pas transmises \u00e0 des soci\u00e9t\u00e9s partenaires.<\/p><p><strong>Liens hypertextes :<\/strong><\/p><p>Le Site peut renvoyer \u00e0 des sites tiers, qui ne sont pas sous le contr\u00f4le d&#8217;Anne Sophie Gindroz, via des liens hypertexte ou via le nommage des sites en question. De fait, Anne Sophie Gindroz ne peut en aucun cas \u00eatre tenue pour responsable du contenu des sites li\u00e9s et ne peut pas garantir que l&#8217;Utilisateur soit satisfait des produits et services propos\u00e9s par ces sites tiers.<\/p><p><strong>Avis, t\u00e9moignages :<\/strong><\/p><p>Anne Sophie Gindroz accorde la possibilit\u00e9 aux utilisateurs de publier des avis et\/ou des t\u00e9moignages. Dans une telle hypoth\u00e8se, Anne Sophie Gindroz se r\u00e9serve le droit de ne pas publier ou de supprimer tout avis, t\u00e9moignage ou commentaire dont le contenu serait contraire aux lois ou aux bonnes m\u0153urs et, de mani\u00e8re g\u00e9n\u00e9rale, illicite.<\/p><p>Tout Utilisateur ayant publi\u00e9 un avis, un t\u00e9moignage ou un commentaire, accepte qu&#8217;Anne Sophie Gindroz puisse en utiliser le contenu pour n&#8217;importe quelle utilisation (publicit\u00e9, \u0153uvre d\u00e9riv\u00e9e, distribution&#8230;) et renonce gratuitement \u00e0 toute revendication patrimoniale sur ce contenu.<\/p><p><strong>Service clients :<\/strong><\/p><p>Pour toutes informations ou question, l&#8217;acheteur ou l&#8217;utilisateur peut contacter Anne Sophie Gindroz par email (info(arobase)annesophiegindroz.com) ou via le\u00a0<a href=\"http:\/\/annesophiegindroz.com\/contact\/\">formulaire de contact\u00a0<\/a>du Site.<\/p>\t\t\t\t\t\t\t\t<\/div>\n\t\t\t\t<\/div>\n\t\t\t\t\t<\/div>\n\t\t\t\t<\/div>\n\t\t\t\t<\/div>\n\t\t","protected":false},"excerpt":{"rendered":"<p>\u00c9diteur du site et h\u00e9bergement\u00a0: Afin de me conformer aux exigences l\u00e9gales, je vous informe que ce site internet est \u00e9dit\u00e9 par Anne Sophie Gindroz pour la L\u2019Association le Cajou, domicili\u00e9e en Suisse. Ce site est h\u00e9berg\u00e9 par OVH Singapour PTE LTD, 135 Cecil Street # 10 -01 MYP PLAZA, 069636 Singapour. Pr\u00e9ambule : Les [&hellip;]<\/p>\n","protected":false},"author":1,"featured_media":0,"parent":282,"menu_order":0,"comment_status":"closed","ping_status":"closed","template":"","meta":{"footnotes":""},"class_list":["post-233","page","type-page","status-publish","hentry"],"yoast_head":"<!-- This site is optimized with the Yoast SEO plugin v27.5 - https:\/\/yoast.com\/product\/yoast-seo-wordpress\/ -->\n<title>Conditions g\u00e9n\u00e9rales de vente -<\/title>\n<meta name=\"robots\" content=\"index, follow, max-snippet:-1, max-image-preview:large, max-video-preview:-1\" \/>\n<link rel=\"canonical\" href=\"https:\/\/boutique.annesophiegindroz.com\/index.php\/info\/conditions-generales-de-vente\/\" \/>\n<meta property=\"og:locale\" content=\"fr_FR\" \/>\n<meta property=\"og:type\" content=\"article\" \/>\n<meta property=\"og:title\" content=\"Conditions g\u00e9n\u00e9rales de vente -\" \/>\n<meta property=\"og:description\" content=\"\u00c9diteur du site et h\u00e9bergement\u00a0: Afin de me conformer aux exigences l\u00e9gales, je vous informe que ce site internet est \u00e9dit\u00e9 par Anne Sophie Gindroz pour la L\u2019Association le Cajou, domicili\u00e9e en Suisse. Ce site est h\u00e9berg\u00e9 par OVH Singapour PTE LTD, 135 Cecil Street # 10 -01 MYP PLAZA, 069636 Singapour. Pr\u00e9ambule : Les [&hellip;]\" \/>\n<meta property=\"og:url\" content=\"https:\/\/boutique.annesophiegindroz.com\/index.php\/info\/conditions-generales-de-vente\/\" \/>\n<meta property=\"article:modified_time\" content=\"2025-09-15T18:37:47+00:00\" \/>\n<meta name=\"twitter:card\" content=\"summary_large_image\" \/>\n<meta name=\"twitter:label1\" content=\"Dur\u00e9e de lecture estim\u00e9e\" \/>\n\t<meta name=\"twitter:data1\" content=\"8 minutes\" \/>\n<script type=\"application\/ld+json\" class=\"yoast-schema-graph\">{\"@context\":\"https:\\\/\\\/schema.org\",\"@graph\":[{\"@type\":\"WebPage\",\"@id\":\"https:\\\/\\\/boutique.annesophiegindroz.com\\\/index.php\\\/info\\\/conditions-generales-de-vente\\\/\",\"url\":\"https:\\\/\\\/boutique.annesophiegindroz.com\\\/index.php\\\/info\\\/conditions-generales-de-vente\\\/\",\"name\":\"Conditions g\u00e9n\u00e9rales de vente -\",\"isPartOf\":{\"@id\":\"https:\\\/\\\/boutique.annesophiegindroz.com\\\/#website\"},\"datePublished\":\"2024-03-09T06:39:25+00:00\",\"dateModified\":\"2025-09-15T18:37:47+00:00\",\"breadcrumb\":{\"@id\":\"https:\\\/\\\/boutique.annesophiegindroz.com\\\/index.php\\\/info\\\/conditions-generales-de-vente\\\/#breadcrumb\"},\"inLanguage\":\"fr-FR\",\"potentialAction\":[{\"@type\":\"ReadAction\",\"target\":[\"https:\\\/\\\/boutique.annesophiegindroz.com\\\/index.php\\\/info\\\/conditions-generales-de-vente\\\/\"]}]},{\"@type\":\"BreadcrumbList\",\"@id\":\"https:\\\/\\\/boutique.annesophiegindroz.com\\\/index.php\\\/info\\\/conditions-generales-de-vente\\\/#breadcrumb\",\"itemListElement\":[{\"@type\":\"ListItem\",\"position\":1,\"name\":\"Accueil\",\"item\":\"https:\\\/\\\/boutique.annesophiegindroz.com\\\/\"},{\"@type\":\"ListItem\",\"position\":2,\"name\":\"Info\",\"item\":\"https:\\\/\\\/boutique.annesophiegindroz.com\\\/index.php\\\/info\\\/\"},{\"@type\":\"ListItem\",\"position\":3,\"name\":\"Conditions g\u00e9n\u00e9rales de vente\"}]},{\"@type\":\"WebSite\",\"@id\":\"https:\\\/\\\/boutique.annesophiegindroz.com\\\/#website\",\"url\":\"https:\\\/\\\/boutique.annesophiegindroz.com\\\/\",\"name\":\"\",\"description\":\"\",\"publisher\":{\"@id\":\"https:\\\/\\\/boutique.annesophiegindroz.com\\\/#organization\"},\"potentialAction\":[{\"@type\":\"SearchAction\",\"target\":{\"@type\":\"EntryPoint\",\"urlTemplate\":\"https:\\\/\\\/boutique.annesophiegindroz.com\\\/?s={search_term_string}\"},\"query-input\":{\"@type\":\"PropertyValueSpecification\",\"valueRequired\":true,\"valueName\":\"search_term_string\"}}],\"inLanguage\":\"fr-FR\"},{\"@type\":\"Organization\",\"@id\":\"https:\\\/\\\/boutique.annesophiegindroz.com\\\/#organization\",\"name\":\"La Boutique d'Anne Sophie Gindroz\",\"alternateName\":\"La Boutique\",\"url\":\"https:\\\/\\\/boutique.annesophiegindroz.com\\\/\",\"logo\":{\"@type\":\"ImageObject\",\"inLanguage\":\"fr-FR\",\"@id\":\"https:\\\/\\\/boutique.annesophiegindroz.com\\\/#\\\/schema\\\/logo\\\/image\\\/\",\"url\":\"https:\\\/\\\/boutique.annesophiegindroz.com\\\/wp-content\\\/uploads\\\/2024\\\/03\\\/Screen-Shot-2024-03-07-at-02.56.17.png\",\"contentUrl\":\"https:\\\/\\\/boutique.annesophiegindroz.com\\\/wp-content\\\/uploads\\\/2024\\\/03\\\/Screen-Shot-2024-03-07-at-02.56.17.png\",\"width\":241,\"height\":116,\"caption\":\"La Boutique d'Anne Sophie Gindroz\"},\"image\":{\"@id\":\"https:\\\/\\\/boutique.annesophiegindroz.com\\\/#\\\/schema\\\/logo\\\/image\\\/\"}}]}<\/script>\n<!-- \/ Yoast SEO plugin. -->","yoast_head_json":{"title":"Conditions g\u00e9n\u00e9rales de vente -","robots":{"index":"index","follow":"follow","max-snippet":"max-snippet:-1","max-image-preview":"max-image-preview:large","max-video-preview":"max-video-preview:-1"},"canonical":"https:\/\/boutique.annesophiegindroz.com\/index.php\/info\/conditions-generales-de-vente\/","og_locale":"fr_FR","og_type":"article","og_title":"Conditions g\u00e9n\u00e9rales de vente -","og_description":"\u00c9diteur du site et h\u00e9bergement\u00a0: Afin de me conformer aux exigences l\u00e9gales, je vous informe que ce site internet est \u00e9dit\u00e9 par Anne Sophie Gindroz pour la L\u2019Association le Cajou, domicili\u00e9e en Suisse. Ce site est h\u00e9berg\u00e9 par OVH Singapour PTE LTD, 135 Cecil Street # 10 -01 MYP PLAZA, 069636 Singapour. Pr\u00e9ambule : Les [&hellip;]","og_url":"https:\/\/boutique.annesophiegindroz.com\/index.php\/info\/conditions-generales-de-vente\/","article_modified_time":"2025-09-15T18:37:47+00:00","twitter_card":"summary_large_image","twitter_misc":{"Dur\u00e9e de lecture estim\u00e9e":"8 minutes"},"schema":{"@context":"https:\/\/schema.org","@graph":[{"@type":"WebPage","@id":"https:\/\/boutique.annesophiegindroz.com\/index.php\/info\/conditions-generales-de-vente\/","url":"https:\/\/boutique.annesophiegindroz.com\/index.php\/info\/conditions-generales-de-vente\/","name":"Conditions g\u00e9n\u00e9rales de vente -","isPartOf":{"@id":"https:\/\/boutique.annesophiegindroz.com\/#website"},"datePublished":"2024-03-09T06:39:25+00:00","dateModified":"2025-09-15T18:37:47+00:00","breadcrumb":{"@id":"https:\/\/boutique.annesophiegindroz.com\/index.php\/info\/conditions-generales-de-vente\/#breadcrumb"},"inLanguage":"fr-FR","potentialAction":[{"@type":"ReadAction","target":["https:\/\/boutique.annesophiegindroz.com\/index.php\/info\/conditions-generales-de-vente\/"]}]},{"@type":"BreadcrumbList","@id":"https:\/\/boutique.annesophiegindroz.com\/index.php\/info\/conditions-generales-de-vente\/#breadcrumb","itemListElement":[{"@type":"ListItem","position":1,"name":"Accueil","item":"https:\/\/boutique.annesophiegindroz.com\/"},{"@type":"ListItem","position":2,"name":"Info","item":"https:\/\/boutique.annesophiegindroz.com\/index.php\/info\/"},{"@type":"ListItem","position":3,"name":"Conditions g\u00e9n\u00e9rales de vente"}]},{"@type":"WebSite","@id":"https:\/\/boutique.annesophiegindroz.com\/#website","url":"https:\/\/boutique.annesophiegindroz.com\/","name":"","description":"","publisher":{"@id":"https:\/\/boutique.annesophiegindroz.com\/#organization"},"potentialAction":[{"@type":"SearchAction","target":{"@type":"EntryPoint","urlTemplate":"https:\/\/boutique.annesophiegindroz.com\/?s={search_term_string}"},"query-input":{"@type":"PropertyValueSpecification","valueRequired":true,"valueName":"search_term_string"}}],"inLanguage":"fr-FR"},{"@type":"Organization","@id":"https:\/\/boutique.annesophiegindroz.com\/#organization","name":"La Boutique d'Anne Sophie Gindroz","alternateName":"La Boutique","url":"https:\/\/boutique.annesophiegindroz.com\/","logo":{"@type":"ImageObject","inLanguage":"fr-FR","@id":"https:\/\/boutique.annesophiegindroz.com\/#\/schema\/logo\/image\/","url":"https:\/\/boutique.annesophiegindroz.com\/wp-content\/uploads\/2024\/03\/Screen-Shot-2024-03-07-at-02.56.17.png","contentUrl":"https:\/\/boutique.annesophiegindroz.com\/wp-content\/uploads\/2024\/03\/Screen-Shot-2024-03-07-at-02.56.17.png","width":241,"height":116,"caption":"La Boutique d'Anne Sophie Gindroz"},"image":{"@id":"https:\/\/boutique.annesophiegindroz.com\/#\/schema\/logo\/image\/"}}]}},"_links":{"self":[{"href":"https:\/\/boutique.annesophiegindroz.com\/index.php\/wp-json\/wp\/v2\/pages\/233","targetHints":{"allow":["GET"]}}],"collection":[{"href":"https:\/\/boutique.annesophiegindroz.com\/index.php\/wp-json\/wp\/v2\/pages"}],"about":[{"href":"https:\/\/boutique.annesophiegindroz.com\/index.php\/wp-json\/wp\/v2\/types\/page"}],"author":[{"embeddable":true,"href":"https:\/\/boutique.annesophiegindroz.com\/index.php\/wp-json\/wp\/v2\/users\/1"}],"replies":[{"embeddable":true,"href":"https:\/\/boutique.annesophiegindroz.com\/index.php\/wp-json\/wp\/v2\/comments?post=233"}],"version-history":[{"count":4,"href":"https:\/\/boutique.annesophiegindroz.com\/index.php\/wp-json\/wp\/v2\/pages\/233\/revisions"}],"predecessor-version":[{"id":237,"href":"https:\/\/boutique.annesophiegindroz.com\/index.php\/wp-json\/wp\/v2\/pages\/233\/revisions\/237"}],"up":[{"embeddable":true,"href":"https:\/\/boutique.annesophiegindroz.com\/index.php\/wp-json\/wp\/v2\/pages\/282"}],"wp:attachment":[{"href":"https:\/\/boutique.annesophiegindroz.com\/index.php\/wp-json\/wp\/v2\/media?parent=233"}],"curies":[{"name":"wp","href":"https:\/\/api.w.org\/{rel}","templated":true}]}}