{"id":228,"date":"2024-03-09T07:36:33","date_gmt":"2024-03-09T06:36:33","guid":{"rendered":"https:\/\/boutique.annesophiegindroz.com\/?page_id=228"},"modified":"2025-09-15T20:38:01","modified_gmt":"2025-09-15T18:38:01","slug":"mentions-legales","status":"publish","type":"page","link":"https:\/\/boutique.annesophiegindroz.com\/index.php\/info\/mentions-legales\/","title":{"rendered":"Mentions l\u00e9gales"},"content":{"rendered":"\t\t<div data-elementor-type=\"wp-page\" data-elementor-id=\"228\" class=\"elementor elementor-228\">\n\t\t\t\t<div class=\"elementor-element elementor-element-24618eb e-flex e-con-boxed e-con e-parent\" data-id=\"24618eb\" data-element_type=\"container\" data-e-type=\"container\">\n\t\t\t\t\t<div class=\"e-con-inner\">\n\t\t\t\t<div class=\"elementor-element elementor-element-bb7c365 elementor-widget elementor-widget-text-editor\" data-id=\"bb7c365\" data-element_type=\"widget\" data-e-type=\"widget\" data-widget_type=\"text-editor.default\">\n\t\t\t\t<div class=\"elementor-widget-container\">\n\t\t\t\t\t\t\t\t\t<ol><li><strong> \u00c9DITEUR DU SITE ET H\u00c9BERGEMENT<\/strong><\/li><\/ol><p>Ce site internet est \u00e9dit\u00e9 par Anne Sophie Gindroz, domicili\u00e9e \u00e0 Lombok en Indon\u00e9sie. Ce site est h\u00e9berg\u00e9 par OVH Singapour PTE LTD, 135 CECIL STREET # 10-01 MYP PLAZA, Singapour, qui est une filiale de la soci\u00e9t\u00e9 OVH Groupe SA, sise \u00e0 2 rue Kellermann &#8211; 59100 Roubaix &#8211; France.<\/p><ol start=\"2\"><li><strong> CONDITIONS G\u00c9N\u00c9RALES D\u2019UTILISATION DU SITE ET DES SERVICES PROPOS\u00c9S<\/strong><\/li><\/ol><p>L\u2019utilisation du site\u00a0<a href=\"https:\/\/annesophiegindroz.com\/\">https:\/\/annesophiegindroz.com<\/a> implique l\u2019acceptation pleine et enti\u00e8re des conditions g\u00e9n\u00e9rales d\u2019utilisation ci-apr\u00e8s d\u00e9crites. Ces conditions d\u2019utilisation sont susceptibles d\u2019\u00eatre modifi\u00e9es ou compl\u00e9t\u00e9es \u00e0 tout moment, les utilisateurs du site <a href=\"https:\/\/annesophiegindroz.com\/\">https:\/\/annesophiegindroz.com<\/a>\u00a0sont donc invit\u00e9s \u00e0 les consulter de mani\u00e8re r\u00e9guli\u00e8re.<\/p><p>Ce site est normalement accessible \u00e0 tout moment aux utilisateurs. Une interruption pour raison de maintenance technique peut \u00eatre toutefois d\u00e9cid\u00e9e par Anne Sophie Gindroz ou l&#8217;h\u00e9bergement OVH, qui s\u2019efforcera alors de communiquer pr\u00e9alablement aux utilisateurs les dates et heures de l\u2019intervention.<\/p><p>Le site <a href=\"https:\/\/annesophiegindroz.com\/\">https:\/\/annesophiegindroz.com<\/a>\u00a0est mis \u00e0 jour r\u00e9guli\u00e8rement par Anne Sophie Gindroz. De la m\u00eame fa\u00e7on, les mentions l\u00e9gales peuvent \u00eatre modifi\u00e9es \u00e0 tout moment : elles s\u2019imposent n\u00e9anmoins \u00e0 l\u2019utilisateur qui est invit\u00e9 \u00e0 s\u2019y r\u00e9f\u00e9rer.<\/p><ol start=\"3\"><li><strong> DESCRIPTION DES SERVICES FOURNIS<\/strong><\/li><\/ol><p>Le site <a href=\"https:\/\/annesophiegindroz.com\/\">https:\/\/annesophiegindroz.com<\/a>\u00a0a pour objectif de fournir une information concernant l\u2019ensemble des activit\u00e9s de l&#8217;auteure Anne Sophie Gindroz.<\/p><p>Anne Sophie Gindroz s\u2019efforce de fournir sur le site <a href=\"https:\/\/annesophiegindroz.com\/\">https:\/\/annesophiegindroz.com<\/a>\u00a0des informations aussi pr\u00e9cises que possible. Toutefois, elle ne pourra \u00eatre tenue responsable des omissions, des inexactitudes et des carences dans la mise \u00e0 jour, qu\u2019elles soient de son fait ou du fait des tiers partenaires qui lui fournissent ces informations.<\/p><p>Toutes les informations indiqu\u00e9es sur le site\u00a0<a href=\"https:\/\/annesophiegindroz.com\/\">https:\/\/annesophiegindroz.com<\/a> sont donn\u00e9es \u00e0 titre indicatif, et sont susceptibles d\u2019\u00e9voluer. Par ailleurs, les renseignements figurant sur le site\u00a0<a href=\"https:\/\/annesophiegindroz.com\/\">https:\/\/annesophiegindroz.com<\/a>\u00a0ne sont pas exhaustifs. Ils sont donn\u00e9s sous r\u00e9serve de modifications ayant \u00e9t\u00e9 apport\u00e9es depuis leur mise en ligne.<\/p><ol start=\"4\"><li><strong> PROPRI\u00c9T\u00c9 INTELLECTUELLE ET CONTREFA\u00c7ONS<\/strong><\/li><\/ol><p>Anne Sophie Gindroz est propri\u00e9taire des droits de propri\u00e9t\u00e9 intellectuelle ou d\u00e9tient les droits d\u2019usage sur tous les \u00e9l\u00e9ments accessibles sur le site, notamment les textes, images, graphismes, logo, ic\u00f4nes, sons, logiciels.<\/p><p>Toute reproduction, repr\u00e9sentation, modification, publication, adaptation de tout ou partie des \u00e9l\u00e9ments du site, quel que soit le moyen ou le proc\u00e9d\u00e9 utilis\u00e9, est interdite, sauf autorisation \u00e9crite pr\u00e9alable d\u2019Anne Sophie Gindroz.<\/p><p>Toute exploitation non autoris\u00e9e du site ou de l\u2019un quelconque des \u00e9l\u00e9ments qu\u2019il contient sera consid\u00e9r\u00e9e comme constitutive d\u2019une contrefa\u00e7on et poursuivie conform\u00e9ment aux dispositions l\u00e9gales en vigueur.<\/p><ol start=\"5\"><li><strong> LIMITATIONS DE RESPONSABILIT\u00c9<\/strong><\/li><\/ol><p>Le site\u00a0<a href=\"https:\/\/annesophiegindroz.com\/\">https:\/\/annesophiegindroz.com<\/a>\u00a0contient un certain nombre de liens hypertextes vers d\u2019autres sites, mis en place avec l\u2019autorisation d\u2019Anne Sophie Gindroz. Cependant, Anne Sophie Gindroz n\u2019a pas la possibilit\u00e9 de v\u00e9rifier le contenu des sites ainsi visit\u00e9s, et n\u2019assumera en cons\u00e9quence aucune responsabilit\u00e9 de ce fait.<\/p><ol start=\"6\"><li><strong> POLITIQUE DE CONFIDENTIALIT\u00c9<\/strong><\/li><\/ol><p>Les d\u00e9tails de la Politique de Confidentialit\u00e9 sont consultables ici\u00a0: https:\/\/annesophiegindroz.com\/politique-de-confidentialite\/<\/p><ol start=\"7\"><li><strong> DROIT APPLICABLE ET ATTRIBUTION DE JURIDICTION<\/strong><\/li><\/ol><p>Tout litige en relation avec l\u2019utilisation du site\u00a0<a href=\"https:\/\/annesophiegindroz.com\/\">https:\/\/annesophiegindroz.com<\/a>\u00a0est soumis au droit suisse. Il est fait attribution exclusive de juridiction aux tribunaux comp\u00e9tents de Neuch\u00e2tel.<\/p><ol start=\"8\"><li><strong> LEXIQUE<\/strong><\/li><\/ol><p>Utilisateur : Internaute se connectant, utilisant le site susnomm\u00e9.<\/p><p>Donn\u00e9es personnelles : sont \u00ab toutes les informations qui se rapportent \u00e0 une personne identifi\u00e9e ou identifiable\u00a0\u00bb (article 3 de la Loi f\u00e9d\u00e9rale sur la protection des donn\u00e9es LPD du 19 juin 1992)<\/p><p>\u00a0<\/p>\t\t\t\t\t\t\t\t<\/div>\n\t\t\t\t<\/div>\n\t\t\t\t\t<\/div>\n\t\t\t\t<\/div>\n\t\t\t\t<\/div>\n\t\t","protected":false},"excerpt":{"rendered":"<p>\u00c9DITEUR DU SITE ET H\u00c9BERGEMENT Ce site internet est \u00e9dit\u00e9 par Anne Sophie Gindroz, domicili\u00e9e \u00e0 Lombok en Indon\u00e9sie. Ce site est h\u00e9berg\u00e9 par OVH Singapour PTE LTD, 135 CECIL STREET # 10-01 MYP PLAZA, Singapour, qui est une filiale de la soci\u00e9t\u00e9 OVH Groupe SA, sise \u00e0 2 rue Kellermann &#8211; 59100 Roubaix &#8211; [&hellip;]<\/p>\n","protected":false},"author":1,"featured_media":0,"parent":282,"menu_order":0,"comment_status":"closed","ping_status":"closed","template":"","meta":{"footnotes":""},"class_list":["post-228","page","type-page","status-publish","hentry"],"yoast_head":"<!-- This site is optimized with the Yoast SEO plugin v27.5 - https:\/\/yoast.com\/product\/yoast-seo-wordpress\/ -->\n<title>Mentions l\u00e9gales -<\/title>\n<meta name=\"robots\" content=\"index, follow, max-snippet:-1, max-image-preview:large, max-video-preview:-1\" \/>\n<link rel=\"canonical\" href=\"https:\/\/boutique.annesophiegindroz.com\/index.php\/info\/mentions-legales\/\" \/>\n<meta property=\"og:locale\" content=\"fr_FR\" \/>\n<meta property=\"og:type\" content=\"article\" \/>\n<meta property=\"og:title\" content=\"Mentions l\u00e9gales -\" \/>\n<meta property=\"og:description\" content=\"\u00c9DITEUR DU SITE ET H\u00c9BERGEMENT Ce site internet est \u00e9dit\u00e9 par Anne Sophie Gindroz, domicili\u00e9e \u00e0 Lombok en Indon\u00e9sie. Ce site est h\u00e9berg\u00e9 par OVH Singapour PTE LTD, 135 CECIL STREET # 10-01 MYP PLAZA, Singapour, qui est une filiale de la soci\u00e9t\u00e9 OVH Groupe SA, sise \u00e0 2 rue Kellermann &#8211; 59100 Roubaix &#8211; [&hellip;]\" \/>\n<meta property=\"og:url\" content=\"https:\/\/boutique.annesophiegindroz.com\/index.php\/info\/mentions-legales\/\" \/>\n<meta property=\"article:modified_time\" content=\"2025-09-15T18:38:01+00:00\" \/>\n<meta name=\"twitter:card\" content=\"summary_large_image\" \/>\n<meta name=\"twitter:label1\" content=\"Dur\u00e9e de lecture estim\u00e9e\" \/>\n\t<meta name=\"twitter:data1\" content=\"3 minutes\" \/>\n<script type=\"application\/ld+json\" class=\"yoast-schema-graph\">{\"@context\":\"https:\\\/\\\/schema.org\",\"@graph\":[{\"@type\":\"WebPage\",\"@id\":\"https:\\\/\\\/boutique.annesophiegindroz.com\\\/index.php\\\/info\\\/mentions-legales\\\/\",\"url\":\"https:\\\/\\\/boutique.annesophiegindroz.com\\\/index.php\\\/info\\\/mentions-legales\\\/\",\"name\":\"Mentions l\u00e9gales -\",\"isPartOf\":{\"@id\":\"https:\\\/\\\/boutique.annesophiegindroz.com\\\/#website\"},\"datePublished\":\"2024-03-09T06:36:33+00:00\",\"dateModified\":\"2025-09-15T18:38:01+00:00\",\"breadcrumb\":{\"@id\":\"https:\\\/\\\/boutique.annesophiegindroz.com\\\/index.php\\\/info\\\/mentions-legales\\\/#breadcrumb\"},\"inLanguage\":\"fr-FR\",\"potentialAction\":[{\"@type\":\"ReadAction\",\"target\":[\"https:\\\/\\\/boutique.annesophiegindroz.com\\\/index.php\\\/info\\\/mentions-legales\\\/\"]}]},{\"@type\":\"BreadcrumbList\",\"@id\":\"https:\\\/\\\/boutique.annesophiegindroz.com\\\/index.php\\\/info\\\/mentions-legales\\\/#breadcrumb\",\"itemListElement\":[{\"@type\":\"ListItem\",\"position\":1,\"name\":\"Accueil\",\"item\":\"https:\\\/\\\/boutique.annesophiegindroz.com\\\/\"},{\"@type\":\"ListItem\",\"position\":2,\"name\":\"Info\",\"item\":\"https:\\\/\\\/boutique.annesophiegindroz.com\\\/index.php\\\/info\\\/\"},{\"@type\":\"ListItem\",\"position\":3,\"name\":\"Mentions l\u00e9gales\"}]},{\"@type\":\"WebSite\",\"@id\":\"https:\\\/\\\/boutique.annesophiegindroz.com\\\/#website\",\"url\":\"https:\\\/\\\/boutique.annesophiegindroz.com\\\/\",\"name\":\"\",\"description\":\"\",\"publisher\":{\"@id\":\"https:\\\/\\\/boutique.annesophiegindroz.com\\\/#organization\"},\"potentialAction\":[{\"@type\":\"SearchAction\",\"target\":{\"@type\":\"EntryPoint\",\"urlTemplate\":\"https:\\\/\\\/boutique.annesophiegindroz.com\\\/?s={search_term_string}\"},\"query-input\":{\"@type\":\"PropertyValueSpecification\",\"valueRequired\":true,\"valueName\":\"search_term_string\"}}],\"inLanguage\":\"fr-FR\"},{\"@type\":\"Organization\",\"@id\":\"https:\\\/\\\/boutique.annesophiegindroz.com\\\/#organization\",\"name\":\"La Boutique d'Anne Sophie Gindroz\",\"alternateName\":\"La Boutique\",\"url\":\"https:\\\/\\\/boutique.annesophiegindroz.com\\\/\",\"logo\":{\"@type\":\"ImageObject\",\"inLanguage\":\"fr-FR\",\"@id\":\"https:\\\/\\\/boutique.annesophiegindroz.com\\\/#\\\/schema\\\/logo\\\/image\\\/\",\"url\":\"https:\\\/\\\/boutique.annesophiegindroz.com\\\/wp-content\\\/uploads\\\/2024\\\/03\\\/Screen-Shot-2024-03-07-at-02.56.17.png\",\"contentUrl\":\"https:\\\/\\\/boutique.annesophiegindroz.com\\\/wp-content\\\/uploads\\\/2024\\\/03\\\/Screen-Shot-2024-03-07-at-02.56.17.png\",\"width\":241,\"height\":116,\"caption\":\"La Boutique d'Anne Sophie Gindroz\"},\"image\":{\"@id\":\"https:\\\/\\\/boutique.annesophiegindroz.com\\\/#\\\/schema\\\/logo\\\/image\\\/\"}}]}<\/script>\n<!-- \/ Yoast SEO plugin. -->","yoast_head_json":{"title":"Mentions l\u00e9gales -","robots":{"index":"index","follow":"follow","max-snippet":"max-snippet:-1","max-image-preview":"max-image-preview:large","max-video-preview":"max-video-preview:-1"},"canonical":"https:\/\/boutique.annesophiegindroz.com\/index.php\/info\/mentions-legales\/","og_locale":"fr_FR","og_type":"article","og_title":"Mentions l\u00e9gales -","og_description":"\u00c9DITEUR DU SITE ET H\u00c9BERGEMENT Ce site internet est \u00e9dit\u00e9 par Anne Sophie Gindroz, domicili\u00e9e \u00e0 Lombok en Indon\u00e9sie. Ce site est h\u00e9berg\u00e9 par OVH Singapour PTE LTD, 135 CECIL STREET # 10-01 MYP PLAZA, Singapour, qui est une filiale de la soci\u00e9t\u00e9 OVH Groupe SA, sise \u00e0 2 rue Kellermann &#8211; 59100 Roubaix &#8211; [&hellip;]","og_url":"https:\/\/boutique.annesophiegindroz.com\/index.php\/info\/mentions-legales\/","article_modified_time":"2025-09-15T18:38:01+00:00","twitter_card":"summary_large_image","twitter_misc":{"Dur\u00e9e de lecture estim\u00e9e":"3 minutes"},"schema":{"@context":"https:\/\/schema.org","@graph":[{"@type":"WebPage","@id":"https:\/\/boutique.annesophiegindroz.com\/index.php\/info\/mentions-legales\/","url":"https:\/\/boutique.annesophiegindroz.com\/index.php\/info\/mentions-legales\/","name":"Mentions l\u00e9gales -","isPartOf":{"@id":"https:\/\/boutique.annesophiegindroz.com\/#website"},"datePublished":"2024-03-09T06:36:33+00:00","dateModified":"2025-09-15T18:38:01+00:00","breadcrumb":{"@id":"https:\/\/boutique.annesophiegindroz.com\/index.php\/info\/mentions-legales\/#breadcrumb"},"inLanguage":"fr-FR","potentialAction":[{"@type":"ReadAction","target":["https:\/\/boutique.annesophiegindroz.com\/index.php\/info\/mentions-legales\/"]}]},{"@type":"BreadcrumbList","@id":"https:\/\/boutique.annesophiegindroz.com\/index.php\/info\/mentions-legales\/#breadcrumb","itemListElement":[{"@type":"ListItem","position":1,"name":"Accueil","item":"https:\/\/boutique.annesophiegindroz.com\/"},{"@type":"ListItem","position":2,"name":"Info","item":"https:\/\/boutique.annesophiegindroz.com\/index.php\/info\/"},{"@type":"ListItem","position":3,"name":"Mentions l\u00e9gales"}]},{"@type":"WebSite","@id":"https:\/\/boutique.annesophiegindroz.com\/#website","url":"https:\/\/boutique.annesophiegindroz.com\/","name":"","description":"","publisher":{"@id":"https:\/\/boutique.annesophiegindroz.com\/#organization"},"potentialAction":[{"@type":"SearchAction","target":{"@type":"EntryPoint","urlTemplate":"https:\/\/boutique.annesophiegindroz.com\/?s={search_term_string}"},"query-input":{"@type":"PropertyValueSpecification","valueRequired":true,"valueName":"search_term_string"}}],"inLanguage":"fr-FR"},{"@type":"Organization","@id":"https:\/\/boutique.annesophiegindroz.com\/#organization","name":"La Boutique d'Anne Sophie Gindroz","alternateName":"La Boutique","url":"https:\/\/boutique.annesophiegindroz.com\/","logo":{"@type":"ImageObject","inLanguage":"fr-FR","@id":"https:\/\/boutique.annesophiegindroz.com\/#\/schema\/logo\/image\/","url":"https:\/\/boutique.annesophiegindroz.com\/wp-content\/uploads\/2024\/03\/Screen-Shot-2024-03-07-at-02.56.17.png","contentUrl":"https:\/\/boutique.annesophiegindroz.com\/wp-content\/uploads\/2024\/03\/Screen-Shot-2024-03-07-at-02.56.17.png","width":241,"height":116,"caption":"La Boutique d'Anne Sophie Gindroz"},"image":{"@id":"https:\/\/boutique.annesophiegindroz.com\/#\/schema\/logo\/image\/"}}]}},"_links":{"self":[{"href":"https:\/\/boutique.annesophiegindroz.com\/index.php\/wp-json\/wp\/v2\/pages\/228","targetHints":{"allow":["GET"]}}],"collection":[{"href":"https:\/\/boutique.annesophiegindroz.com\/index.php\/wp-json\/wp\/v2\/pages"}],"about":[{"href":"https:\/\/boutique.annesophiegindroz.com\/index.php\/wp-json\/wp\/v2\/types\/page"}],"author":[{"embeddable":true,"href":"https:\/\/boutique.annesophiegindroz.com\/index.php\/wp-json\/wp\/v2\/users\/1"}],"replies":[{"embeddable":true,"href":"https:\/\/boutique.annesophiegindroz.com\/index.php\/wp-json\/wp\/v2\/comments?post=228"}],"version-history":[{"count":4,"href":"https:\/\/boutique.annesophiegindroz.com\/index.php\/wp-json\/wp\/v2\/pages\/228\/revisions"}],"predecessor-version":[{"id":232,"href":"https:\/\/boutique.annesophiegindroz.com\/index.php\/wp-json\/wp\/v2\/pages\/228\/revisions\/232"}],"up":[{"embeddable":true,"href":"https:\/\/boutique.annesophiegindroz.com\/index.php\/wp-json\/wp\/v2\/pages\/282"}],"wp:attachment":[{"href":"https:\/\/boutique.annesophiegindroz.com\/index.php\/wp-json\/wp\/v2\/media?parent=228"}],"curies":[{"name":"wp","href":"https:\/\/api.w.org\/{rel}","templated":true}]}}